{"id":1003,"date":"2020-10-21T22:32:09","date_gmt":"2020-10-21T22:32:09","guid":{"rendered":"https:\/\/mkb-system.ro\/?post_type=product&#038;p=1003"},"modified":"2020-12-09T10:31:28","modified_gmt":"2020-12-09T10:31:28","slug":"r8-masina-isokinetica-butterfly-cu-functie-dubla","status":"publish","type":"product","link":"https:\/\/mkb-system.ro\/index.php\/produs\/r8-masina-isokinetica-butterfly-cu-functie-dubla\/","title":{"rendered":"R8 Ma\u015fin\u0103 isokinetic\u0103 butterfly cu func\u0163ie dubl\u0103 Abdcu\u0163ia\/ Adduc\u0163ia orizontal\u01ce a um\u01cerului Rota\u0163ia extern\u01ce\/ intern\u0103 a um\u01cerului"},"content":{"rendered":"<h4 class=\"title\"><span class=\"lead\">UM\u0102R<\/span><\/h4>\n<h4><span lang=\"RO\">ABDUC\u0162IA \/ADDUC\u0162IA ORIZONTAL\u0102 A UM\u0102RULUI<\/span><\/h4>\n<p><img loading=\"lazy\" class=\"alignnone size-medium wp-image-1005\" src=\"https:\/\/mkb-system.ro\/wp-content\/uploads\/2020\/10\/Untitled-design-28-300x300.png\" alt=\"\" width=\"300\" height=\"300\" srcset=\"https:\/\/mkb-system.ro\/wp-content\/uploads\/2020\/10\/Untitled-design-28-300x300.png 300w, https:\/\/mkb-system.ro\/wp-content\/uploads\/2020\/10\/Untitled-design-28-150x150.png 150w, https:\/\/mkb-system.ro\/wp-content\/uploads\/2020\/10\/Untitled-design-28-100x100.png 100w, https:\/\/mkb-system.ro\/wp-content\/uploads\/2020\/10\/Untitled-design-28.png 500w\" sizes=\"(max-width: 300px) 100vw, 300px\" \/><\/p>\n<h4><strong>MU\u015eCHI PRINCIPALI<\/strong>: DELTOIDUL, SUPRASPINOS\/ DELTOID POSTERIOR,SUBSPINOS<\/h4>\n<table role=\"grid\">\n<tbody id=\"j_id_p:productCardForm:productCardTabView:j_id_6r_data\" class=\"ui-datatable-data ui-widget-content\">\n<tr class=\"ui-widget-header\">\n<td class=\"ui-datatable-subtable-header\" colspan=\"3\">\n<h3>Proceduri:<\/h3>\n<\/td>\n<\/tr>\n<tr id=\"j_id_p:productCardForm:productCardTabView:j_id_6r:0:j_id_6s_row_0\" class=\"ui-widget-content\">\n<td class=\"product-card-tab-spec-item-name\">\n<h3><img loading=\"lazy\" class=\"alignnone size-full wp-image-1006\" src=\"https:\/\/mkb-system.ro\/wp-content\/uploads\/2020\/10\/r8-procedura1-transparent.png\" alt=\"\" width=\"169\" height=\"250\" \/><\/h3>\n<\/td>\n<td class=\"product-card-tab-spec-item-val\">\n<h3><img loading=\"lazy\" class=\"alignnone size-full wp-image-1007\" src=\"https:\/\/mkb-system.ro\/wp-content\/uploads\/2020\/10\/r8-procedura2-transparent.png\" alt=\"\" width=\"173\" height=\"250\" \/><\/h3>\n<\/td>\n<td class=\"product-card-tab-spec-item-val\">\n<h3><\/h3>\n<\/td>\n<\/tr>\n<tr id=\"j_id_p:productCardForm:productCardTabView:j_id_6r:0:j_id_6s_row_1\" class=\"ui-widget-content\">\n<td class=\"product-card-tab-spec-item-name\">\n<h3>Adduc\u0163ia orizontal\u0103 \/ Rota\u0163ia extern\u0103<\/h3>\n<\/td>\n<td class=\"product-card-tab-spec-item-val\">\n<h3>Adduc\u0163ia orizontal\u0103 \/ Rota\u0163ia intern\u0103<\/h3>\n<\/td>\n<td class=\"product-card-tab-spec-item-val\"><\/td>\n<\/tr>\n<\/tbody>\n<\/table>\n<h4>Reglarea scaunului \u0219i sp\u0103tarului permit stabilizarea automat\u0103 a coloanei vertebrale. Reglarea m\u00e2nerelor permite ac\u021bionarea diferit\u0103 \u00een execu\u021bia mi\u0219c\u0103rii. Reglarea lungimii bra\u021bului permite diferite puncte de aplicare a for\u021bei, ale c\u0103ror varia\u021bii duc la utilizarea diferitelor grupe musculare.<\/h4>\n<h4><\/h4>\n","protected":false},"excerpt":{"rendered":"<h4>DIMENSIUNE SETARE PASIV\u0102: 146 X 80 X 209 CM<\/h4>\n<h4>DIMENSIUNE SETARE ACTIV\u0102: 153 X 163 X 209 CM<\/h4>\n<h4>SARCINA PE PL\u0102CI: 8\u00d710 KG \/5\u00d75 KG \/5\u00d73 KG GREUTATE TOTAL\u0102: 320 KG<\/h4>\n<h4><\/h4>\n","protected":false},"featured_media":1004,"template":"","meta":[],"lang":"ro","translations":{"ro":1003,"en":1323},"pll_sync_post":[],"_links":{"self":[{"href":"https:\/\/mkb-system.ro\/index.php\/wp-json\/wp\/v2\/product\/1003"}],"collection":[{"href":"https:\/\/mkb-system.ro\/index.php\/wp-json\/wp\/v2\/product"}],"about":[{"href":"https:\/\/mkb-system.ro\/index.php\/wp-json\/wp\/v2\/types\/product"}],"wp:featuredmedia":[{"embeddable":true,"href":"https:\/\/mkb-system.ro\/index.php\/wp-json\/wp\/v2\/media\/1004"}],"wp:attachment":[{"href":"https:\/\/mkb-system.ro\/index.php\/wp-json\/wp\/v2\/media?parent=1003"}],"curies":[{"name":"wp","href":"https:\/\/api.w.org\/{rel}","templated":true}]}}