{"id":1008,"date":"2020-10-21T22:36:46","date_gmt":"2020-10-21T22:36:46","guid":{"rendered":"https:\/\/mkb-system.ro\/?post_type=product&#038;p=1008"},"modified":"2020-12-09T10:28:01","modified_gmt":"2020-12-09T10:28:01","slug":"r5-masina-isokinetica-pentru-ridicarea-coborarea-centurii-scapulohumerale","status":"publish","type":"product","link":"https:\/\/mkb-system.ro\/index.php\/produs\/r5-masina-isokinetica-pentru-ridicarea-coborarea-centurii-scapulohumerale\/","title":{"rendered":"R5 Ma\u015fin\u0103 Isokinetic\u0103 pentru ridicarea \/ cobor\u00e2rea centurii scapulohumerale"},"content":{"rendered":"<h4><strong>MU\u015eCHI PRINCIPALI:\u00a0<\/strong>TRAPEZUL SUPERIOR,ANGULARUL (RIDIC\u0102TORUL SCAPULEI)\/TRAPEZUL INFERIOR<\/h4>\n<p><img loading=\"lazy\" class=\"alignnone size-full wp-image-1010\" src=\"https:\/\/mkb-system.ro\/wp-content\/uploads\/2020\/10\/r5-muschi-transparent-1.png\" alt=\"\" width=\"229\" height=\"300\" \/><\/p>\n<h3><\/h3>\n<p>&nbsp;<\/p>\n<table role=\"grid\">\n<tbody id=\"j_id_p:productCardForm:productCardTabView:j_id_6r_data\" class=\"ui-datatable-data ui-widget-content\">\n<tr class=\"ui-widget-header\">\n<td class=\"ui-datatable-subtable-header\" colspan=\"3\">\n<h3>Proceduri:<\/h3>\n<\/td>\n<\/tr>\n<tr id=\"j_id_p:productCardForm:productCardTabView:j_id_6r:0:j_id_6s_row_0\" class=\"ui-widget-content\">\n<td class=\"product-card-tab-spec-item-name\">\n<h3><img loading=\"lazy\" class=\"size-full wp-image-1011 alignleft\" src=\"https:\/\/mkb-system.ro\/wp-content\/uploads\/2020\/10\/r5-procedura1-transparent.png\" alt=\"\" width=\"254\" height=\"250\" \/><\/h3>\n<\/td>\n<td class=\"product-card-tab-spec-item-val\">\n<h3><img loading=\"lazy\" class=\"size-full wp-image-1013 aligncenter\" style=\"font-size: 16px;\" src=\"https:\/\/mkb-system.ro\/wp-content\/uploads\/2020\/10\/r5-procedura3-transparent.png\" alt=\"\" width=\"253\" height=\"250\" srcset=\"https:\/\/mkb-system.ro\/wp-content\/uploads\/2020\/10\/r5-procedura3-transparent.png 253w, https:\/\/mkb-system.ro\/wp-content\/uploads\/2020\/10\/r5-procedura3-transparent-100x100.png 100w\" sizes=\"(max-width: 253px) 100vw, 253px\" \/><\/h3>\n<\/td>\n<td class=\"product-card-tab-spec-item-val\">\n<h3><img loading=\"lazy\" class=\"size-full wp-image-1012 alignnone\" style=\"font-size: 16px;\" src=\"https:\/\/mkb-system.ro\/wp-content\/uploads\/2020\/10\/r5-procedura2-transparent.png\" alt=\"\" width=\"254\" height=\"250\" \/><\/h3>\n<\/td>\n<\/tr>\n<tr id=\"j_id_p:productCardForm:productCardTabView:j_id_6r:0:j_id_6s_row_1\" class=\"ui-widget-content\">\n<td class=\"product-card-tab-spec-item-name\">\n<h3>Ridicarea scapulei<\/h3>\n<\/td>\n<td class=\"product-card-tab-spec-item-val\">\n<h3>Cobor\u00e2rea scapulei<\/h3>\n<\/td>\n<td class=\"product-card-tab-spec-item-val\">\n<h3>Extensia bra\u021belor \/ triceps<\/h3>\n<\/td>\n<\/tr>\n<\/tbody>\n<\/table>\n<h3><\/h3>\n<h4>Secven\u021ba de mi\u0219care de pe aceast\u0103 ma\u015fin\u0103 isokinetic\u0103 se bazeaz\u0103 pe ridicare\/cobor\u00e2re.<\/h4>\n<h4>Este un exerci\u021biu de tragere complex, care amelioreaz\u0103 coloana vertebral\u0103 \u0219i \u00eent\u0103re\u0219te mu\u0219chii trunchiului.<\/h4>\n<h4>Presiunea asupra articula\u021biilor vertebrale este mult redus\u0103.<\/h4>\n<h4>Controlul pozi\u021biei fiziologice individuale a coloanei vertebrale este sigur, la acest lucru contribuie pozi\u021bia de \u0219ezut \u0219i unghiul special al sp\u0103tarului. Pozi\u021bionarea \u00een siguran\u021b\u0103 a pacientului asigur\u0103 simplificarea exerci\u021biului.<\/h4>\n<p>&nbsp;<\/p>\n","protected":false},"excerpt":{"rendered":"<h4 class=\"title\"><span class=\"lead\">CENTURA<\/span>\u00a0SCAPULO &#8211; HUMERAL\u0102<\/h4>\n<h4>RIDICAREA \u0218I COBOR\u00c2REA SCAPULO &#8211; HUMERAL\u0102<\/h4>\n<h4>Dimensiune stare pasiv\u0103: 200 X 1130 X 196 CM<\/h4>\n<h4>Dimensiune stare activ\u0103: 200 X 1150 X 196 CM<\/h4>\n<h4>Sarcina pe pl\u0103ci: 10 X 10 KG \/ 5 X 5 KG<\/h4>\n<h4>Greutate total\u0103: 380 KG<\/h4>\n<p>&nbsp;<\/p>\n","protected":false},"featured_media":1009,"template":"","meta":[],"lang":"ro","translations":{"ro":1008,"en":1326},"pll_sync_post":[],"_links":{"self":[{"href":"https:\/\/mkb-system.ro\/index.php\/wp-json\/wp\/v2\/product\/1008"}],"collection":[{"href":"https:\/\/mkb-system.ro\/index.php\/wp-json\/wp\/v2\/product"}],"about":[{"href":"https:\/\/mkb-system.ro\/index.php\/wp-json\/wp\/v2\/types\/product"}],"wp:featuredmedia":[{"embeddable":true,"href":"https:\/\/mkb-system.ro\/index.php\/wp-json\/wp\/v2\/media\/1009"}],"wp:attachment":[{"href":"https:\/\/mkb-system.ro\/index.php\/wp-json\/wp\/v2\/media?parent=1008"}],"curies":[{"name":"wp","href":"https:\/\/api.w.org\/{rel}","templated":true}]}}