{"id":1014,"date":"2020-10-21T22:40:37","date_gmt":"2020-10-21T22:40:37","guid":{"rendered":"https:\/\/mkb-system.ro\/?post_type=product&#038;p=1014"},"modified":"2020-12-09T10:30:34","modified_gmt":"2020-12-09T10:30:34","slug":"r19-masina-isokinetica-pentru-rotatia-centurii-scapulohumerale","status":"publish","type":"product","link":"https:\/\/mkb-system.ro\/index.php\/produs\/r19-masina-isokinetica-pentru-rotatia-centurii-scapulohumerale\/","title":{"rendered":"R19 Ma\u015fin\u0103 isokinetic\u0103 pentru um\u0103r  \/Flexia\/Extensia umarului"},"content":{"rendered":"<h4 class=\"title\"><span class=\"lead\">CENTURA<\/span>\u00a0SCAPULO &#8211; HUMERAL\u0102<\/h4>\n<h4>ABDUC\u0162IA\/ADDUC\u021aIA SCAPULEI &amp; ROTA\u0162IA EXTERN\u0102 A UM\u0102RULUI \u00ceN ABDUC\u021aIE ORIZONTAL\u0102 LA 90 \u00b0<\/h4>\n<p><img loading=\"lazy\" class=\"alignnone wp-image-1179 size-medium\" src=\"https:\/\/mkb-system.ro\/wp-content\/uploads\/2020\/10\/Untitled-design-29-300x300-1-300x300.png\" alt=\"\" width=\"300\" height=\"300\" srcset=\"https:\/\/mkb-system.ro\/wp-content\/uploads\/2020\/10\/Untitled-design-29-300x300-1.png 300w, https:\/\/mkb-system.ro\/wp-content\/uploads\/2020\/10\/Untitled-design-29-300x300-1-150x150.png 150w, https:\/\/mkb-system.ro\/wp-content\/uploads\/2020\/10\/Untitled-design-29-300x300-1-100x100.png 100w\" sizes=\"(max-width: 300px) 100vw, 300px\" \/><\/p>\n<h4><strong>MU\u015eCHI PRINCIPALI:\u00a0<\/strong>SUBSPINOS, DELTOID POSTERIOR, ROTUND MIC\/ PECTORAL MARE, MARELE DORSAL,\u00a0\u00a0 ROTUND MARE.<\/h4>\n<h4><strong>MU\u015eCHI ACCESORI:\u00a0<\/strong>SUBSCAPULAR, DELTOID ANTERIOR.<\/h4>\n<table role=\"grid\">\n<tbody id=\"j_id_p:productCardForm:productCardTabView:j_id_6r_data\" class=\"ui-datatable-data ui-widget-content\">\n<tr class=\"ui-widget-header\">\n<td class=\"ui-datatable-subtable-header\" colspan=\"3\">\n<h3>Proceduri:<\/h3>\n<\/td>\n<\/tr>\n<tr id=\"j_id_p:productCardForm:productCardTabView:j_id_6r:0:j_id_6s_row_0\" class=\"ui-widget-content\">\n<td class=\"product-card-tab-spec-item-name\">\n<h3><img loading=\"lazy\" class=\"alignnone wp-image-1177 size-full\" src=\"https:\/\/mkb-system.ro\/wp-content\/uploads\/2020\/10\/r19-procedura1-transparent-150x150-1-1.png\" alt=\"\" width=\"150\" height=\"150\" srcset=\"https:\/\/mkb-system.ro\/wp-content\/uploads\/2020\/10\/r19-procedura1-transparent-150x150-1-1.png 150w, https:\/\/mkb-system.ro\/wp-content\/uploads\/2020\/10\/r19-procedura1-transparent-150x150-1-1-100x100.png 100w\" sizes=\"(max-width: 150px) 100vw, 150px\" \/><\/h3>\n<\/td>\n<td class=\"product-card-tab-spec-item-val\">\n<h3><img loading=\"lazy\" class=\"alignnone wp-image-1178 size-full\" src=\"https:\/\/mkb-system.ro\/wp-content\/uploads\/2020\/10\/r19-procedura2-transparent-150x150-1-1.png\" alt=\"\" width=\"150\" height=\"150\" srcset=\"https:\/\/mkb-system.ro\/wp-content\/uploads\/2020\/10\/r19-procedura2-transparent-150x150-1-1.png 150w, https:\/\/mkb-system.ro\/wp-content\/uploads\/2020\/10\/r19-procedura2-transparent-150x150-1-1-100x100.png 100w\" sizes=\"(max-width: 150px) 100vw, 150px\" \/><\/h3>\n<\/td>\n<td class=\"product-card-tab-spec-item-val\">\n<h3><\/h3>\n<\/td>\n<\/tr>\n<tr id=\"j_id_p:productCardForm:productCardTabView:j_id_6r:0:j_id_6s_row_1\" class=\"ui-widget-content\">\n<td class=\"product-card-tab-spec-item-name\">\n<h3>Rota\u021bia intern\u0103 a um\u0103rului<\/h3>\n<\/td>\n<td class=\"product-card-tab-spec-item-val\">\n<h3>Rota\u021bia extern\u0103 a um\u0103rului<\/h3>\n<\/td>\n<td class=\"product-card-tab-spec-item-val\">\n<h3><\/h3>\n<\/td>\n<\/tr>\n<\/tbody>\n<\/table>\n<h4>Flexia bra\u021bului din um\u0103r se poate face de la pre-\u00eentindere complet\u0103 p\u00e2n\u0103 la flexie maxim\u0103. Sp\u0103tarul reglabil \u015fi \u00een\u0103l\u021bimea scaunului permite o pozi\u021bionare \u00een linie cu axa de rota\u021bie.<\/h4>\n<h4>Mi\u015fcarea poate fi limitat\u0103 \u00eentr-o direc\u021bie concentric\u0103 \u0219i excentric\u0103 (este posibil\u0103 formarea mi\u0219c\u0103rii segmentare).<\/h4>\n<h4>Bra\u021bul de ac\u021bionare al ma\u0219inii isokinetice se echilibreaz\u0103 prin contragreutate . Drept urmare, mi\u015fcarea poate fi controlat\u0103 u\u0219or \u0219i precis.<\/h4>\n","protected":false},"excerpt":{"rendered":"<h4>DIMENSIUNI: 120 X 130 X 205 CM<\/h4>\n<h4>SARCINA PE PL\u0102CI: 10 X 10 KG \/ 5 X 5 KG GREUTATE TOTAL\u0102: 280 KG<\/h4>\n<h4><\/h4>\n","protected":false},"featured_media":1015,"template":"","meta":[],"lang":"ro","translations":{"ro":1014,"en":1324},"pll_sync_post":[],"_links":{"self":[{"href":"https:\/\/mkb-system.ro\/index.php\/wp-json\/wp\/v2\/product\/1014"}],"collection":[{"href":"https:\/\/mkb-system.ro\/index.php\/wp-json\/wp\/v2\/product"}],"about":[{"href":"https:\/\/mkb-system.ro\/index.php\/wp-json\/wp\/v2\/types\/product"}],"wp:featuredmedia":[{"embeddable":true,"href":"https:\/\/mkb-system.ro\/index.php\/wp-json\/wp\/v2\/media\/1015"}],"wp:attachment":[{"href":"https:\/\/mkb-system.ro\/index.php\/wp-json\/wp\/v2\/media?parent=1014"}],"curies":[{"name":"wp","href":"https:\/\/api.w.org\/{rel}","templated":true}]}}