{"id":1024,"date":"2020-10-21T22:56:14","date_gmt":"2020-10-21T22:56:14","guid":{"rendered":"https:\/\/mkb-system.ro\/?post_type=product&#038;p=1024"},"modified":"2022-03-15T13:18:46","modified_gmt":"2022-03-15T13:18:46","slug":"c6-dinamometru-isokinetic-multifunctional-pentru-glezna-picior-sold","status":"publish","type":"product","link":"https:\/\/mkb-system.ro\/index.php\/produs\/c6-dinamometru-isokinetic-multifunctional-pentru-glezna-picior-sold\/","title":{"rendered":"C6 Dinamometru Digital Isokinetic multifunc\u021bional pentru glezn\u0103, picior, \u0219old"},"content":{"rendered":"<h4><strong>DINAMOMETRUL ISOKINETIC MULTIFUNC\u021aIONAL<\/strong><\/h4>\n<h4><img loading=\"lazy\" class=\"alignnone size-medium wp-image-1026\" src=\"https:\/\/mkb-system.ro\/wp-content\/uploads\/2020\/10\/Untitled-design-30-300x300.png\" alt=\"\" width=\"300\" height=\"300\" srcset=\"https:\/\/mkb-system.ro\/wp-content\/uploads\/2020\/10\/Untitled-design-30-300x300.png 300w, https:\/\/mkb-system.ro\/wp-content\/uploads\/2020\/10\/Untitled-design-30-150x150.png 150w, https:\/\/mkb-system.ro\/wp-content\/uploads\/2020\/10\/Untitled-design-30-100x100.png 100w, https:\/\/mkb-system.ro\/wp-content\/uploads\/2020\/10\/Untitled-design-30.png 500w\" sizes=\"(max-width: 300px) 100vw, 300px\" \/><\/h4>\n<h4>Pentru \u00a0picioare \u00a0ofer\u0103 \u00a0trei tipuri de proceduri \u00a0respectiv <strong>flexia\/ extensia\/ inversia gleznei, piciorului<\/strong>. Procedurile pot fi efectuate de c\u0103tre pacien\u021bi la unghiuri de la 90 grade sezut la 180 grade culcat.<\/h4>\n<h4 class=\"elementor-heading-title elementor-size-default\">Aspecte Importante:<\/h4>\n<h4 class=\"elementor-icon-box-title\">5 set\u0103ri \u0219i fix\u0103ri pentru o postur\u0103 corect\u0103<\/h4>\n<h4 class=\"elementor-icon-box-title\">3 proceduri \u00eentr-un singur dinamometru isokinetic<\/h4>\n<h4 class=\"elementor-icon-box-title\">Perne ergonomice\u00a0spum\u0103 special\u0103 pentru a preveni echimozele<\/h4>\n<h4 class=\"elementor-icon-box-title\">Protec\u021bie pentru umeri \u0219i bra\u021be\u00a0la nivelul coloanei vertebrale \u0219i a um\u0103rului<\/h4>\n<h4 class=\"elementor-icon-box-title\">Pern\u0103 pentru cap\u00a0pentru stabilizarea coloanei verticale cervicale<\/h4>\n<h4 class=\"elementor-icon-box-title\">Dispozitiv de pretentionare\u00a0a greut\u0103\u021bilor<\/h4>\n<h4 class=\"elementor-icon-box-title\">Scanner\u00a0de amprente<\/h4>\n<h4 class=\"elementor-icon-box-title\">Sistem inteligent\u00a0de m\u0103surare a procedurilor<\/h4>\n<h3>\u00a0Proceduri:<\/h3>\n<h4 class=\"title\"><span class=\"lead\">PROCEDURA<\/span>\u00a0DIN POZI\u021aIA \u0218EZUT<\/h4>\n<h4>Efectu\u00e2nd procedura \u00een pozi\u021bia \u0219ezut, este antrenata musculatura regiunii ventrale \u0219i a membrelor inferioare, \u00een acela\u0219i timp asigur\u00e2ndu-se o stabilizare a coloanei vertebrale printr-o posturare corecta. Este antrenat cvadricepsul \u0219i musculatura gambelor.<\/h4>\n<p><img loading=\"lazy\" class=\"alignnone size-medium wp-image-1027\" src=\"https:\/\/mkb-system.ro\/wp-content\/uploads\/2020\/10\/c6-procedura1-transparent-1-300x197.png\" alt=\"\" width=\"300\" height=\"197\" srcset=\"https:\/\/mkb-system.ro\/wp-content\/uploads\/2020\/10\/c6-procedura1-transparent-1-300x197.png 300w, https:\/\/mkb-system.ro\/wp-content\/uploads\/2020\/10\/c6-procedura1-transparent-1.png 517w\" sizes=\"(max-width: 300px) 100vw, 300px\" \/><\/p>\n<h4 class=\"title\"><span class=\"lead\">PROCEDURA<\/span>\u00a0DIN POZI\u021aIA CULCAT<\/h4>\n<h4>\u00cen pozi\u021bia culcat sunt antren\u021bi mu\u0219chii regiunii dorsale a membrelor inferioare \u0219i se ob\u021bine relaxarea musculaturii coloanei vertebrale.<br \/>\nPrintr-o posturare corect\u0103, este antrenat bicepsul femural, musculatura feselor \u0219i a gambelor .<\/h4>\n<p><img loading=\"lazy\" class=\"alignnone size-medium wp-image-1028\" src=\"https:\/\/mkb-system.ro\/wp-content\/uploads\/2020\/10\/c6-procedura2-transparent-1-300x186.png\" alt=\"\" width=\"300\" height=\"186\" srcset=\"https:\/\/mkb-system.ro\/wp-content\/uploads\/2020\/10\/c6-procedura2-transparent-1-300x186.png 300w, https:\/\/mkb-system.ro\/wp-content\/uploads\/2020\/10\/c6-procedura2-transparent-1.png 485w\" sizes=\"(max-width: 300px) 100vw, 300px\" \/><\/p>\n<h4 class=\"title\"><span class=\"lead\">PROCEDURA<\/span>\u00a0DE COORDONARE<\/h4>\n<h4>Pentru punctul culminant coordinativ pute\u021bi face exerci\u021bii de s\u0103rituri u\u0219oare cu Dinamometrul Isokinetic C6.<br \/>\nCu platforma pentru picioare adaugat\u0103 se faciliteaz\u0103 o flexie m\u0103rit\u0103 a genunchilor permi\u021b\u00e2nd apropierea lor de trunchi.<\/h4>\n<p><img loading=\"lazy\" class=\"alignnone size-medium wp-image-1029\" src=\"https:\/\/mkb-system.ro\/wp-content\/uploads\/2020\/10\/c6-procedura3-transparent-1-300x193.png\" alt=\"\" width=\"300\" height=\"193\" srcset=\"https:\/\/mkb-system.ro\/wp-content\/uploads\/2020\/10\/c6-procedura3-transparent-1-300x193.png 300w, https:\/\/mkb-system.ro\/wp-content\/uploads\/2020\/10\/c6-procedura3-transparent-1.png 515w\" sizes=\"(max-width: 300px) 100vw, 300px\" \/><\/p>\n","protected":false},"excerpt":{"rendered":"<div class=\"elementor-element elementor-element-dfeb884 elementor-widget elementor-widget-heading\" data-id=\"dfeb884\" data-element_type=\"widget\" data-widget_type=\"heading.default\">\n<div class=\"elementor-widget-container\">\n<h4 class=\"elementor-heading-title elementor-size-default\">Proceduri complet automatizate &#8211; reglaje \u0219i fix\u0103ri<\/h4>\n<\/div>\n<\/div>\n<div class=\"elementor-element elementor-element-cc24916 elementor-icon-list--layout-traditional elementor-widget elementor-widget-icon-list\" data-id=\"cc24916\" data-element_type=\"widget\" data-widget_type=\"icon-list.default\">\n<div class=\"elementor-widget-container\">\n<ul class=\"elementor-icon-list-items\">\n<li class=\"elementor-icon-list-item\">\n<h4><i class=\"fas fa-check\" aria-hidden=\"true\"><\/i><span class=\"elementor-icon-list-text\">Reglare automat\u0103 a sarcinii de lucru \u0219i dispozitiv de pretensionare a greut\u0103\u021bii patentat MKB-System<\/span><\/h4>\n<\/li>\n<li class=\"elementor-icon-list-item\">\n<h4><i class=\"fas fa-check\" aria-hidden=\"true\"><\/i><span class=\"elementor-icon-list-text\">M\u00e2nere ergonomice<\/span><\/h4>\n<\/li>\n<li class=\"elementor-icon-list-item\">\n<h4><i class=\"fas fa-check\" aria-hidden=\"true\"><\/i><span class=\"elementor-icon-list-text\">Reglarea \u0219i fixarea pernelor pentru umeri<\/span><\/h4>\n<\/li>\n<li class=\"elementor-icon-list-item\">\n<h4><i class=\"fas fa-check\" aria-hidden=\"true\"><\/i><span class=\"elementor-icon-list-text\">Perne ergonomice pentru membre superioare \u0219i umeri<\/span><\/h4>\n<\/li>\n<li class=\"elementor-icon-list-item\">\n<h4><i class=\"fas fa-check\" aria-hidden=\"true\"><\/i><span class=\"elementor-icon-list-text\">Reglare automat\u0103 a sp\u0103tarului<\/span><\/h4>\n<\/li>\n<li class=\"elementor-icon-list-item\">\n<h4><i class=\"fas fa-check\" aria-hidden=\"true\"><\/i><span class=\"elementor-icon-list-text\">M\u00e2nere \u0219i perne suplimentare pentru sus\u021binerea membrelor superioare<\/span><\/h4>\n<\/li>\n<li class=\"elementor-icon-list-item\">\n<h4><i class=\"fas fa-check\" aria-hidden=\"true\"><\/i><span class=\"elementor-icon-list-text\">Platform\u0103 ajut\u0103toare de intrare (pentru identificare pacient)<\/span><\/h4>\n<\/li>\n<li class=\"elementor-icon-list-item\">\n<h4><i class=\"fas fa-check\" aria-hidden=\"true\"><\/i><span class=\"elementor-icon-list-text\">Platform\u0103 suplimentar\u0103 pentru zona genunchiului<\/span><\/h4>\n<\/li>\n<li class=\"elementor-icon-list-item\">\n<h4><i class=\"fas fa-check\" aria-hidden=\"true\"><\/i><span class=\"elementor-icon-list-text\">Suprafa\u021b\u0103 reglabil\u0103 35 grade pozitiv \u0219i negativ<\/span><\/h4>\n<\/li>\n<li class=\"elementor-icon-list-item\">\n<h4><i class=\"fas fa-check\" aria-hidden=\"true\"><\/i><span class=\"elementor-icon-list-text\">Platform\u0103 pentru un grad mare de extensie\/flexie<\/span><\/h4>\n<\/li>\n<li class=\"elementor-icon-list-item\">\n<h4><i class=\"fas fa-check\" aria-hidden=\"true\"><\/i><span class=\"elementor-icon-list-text\">Bra\u021b mobil reglabil<\/span><\/h4>\n<\/li>\n<li class=\"elementor-icon-list-item\">\n<h4><i class=\"fas fa-check\" aria-hidden=\"true\"><\/i><span class=\"elementor-icon-list-text\">Amprent\u0103 biometric\u0103<\/span><\/h4>\n<\/li>\n<\/ul>\n<\/div>\n<\/div>\n<h4>DIMENSIUNI: lungime: 240 cm \/\u00a0l\u0103\u021bime: 135 cm \/ \u00een\u0103l\u021bime: 205 cm<\/h4>\n<h4>SUPRAFA\u021aA DE AMPLASARE: cca. 4m2<\/h4>\n<h4>GREUTATE: 545 kg<\/h4>\n<h4>CONSUMUL DE ENERGIE: 3 euro \/ lun\u0103<\/h4>\n<h4>COMPUTER: PC integrat, inclusiv software-ul u\u0219or de controlat \u0219i monitor touchscreen de 17 inch<\/h4>\n<p>&nbsp;<\/p>\n<h4><\/h4>\n","protected":false},"featured_media":1025,"template":"","meta":[],"lang":"ro","translations":{"ro":1024},"pll_sync_post":[],"_links":{"self":[{"href":"https:\/\/mkb-system.ro\/index.php\/wp-json\/wp\/v2\/product\/1024"}],"collection":[{"href":"https:\/\/mkb-system.ro\/index.php\/wp-json\/wp\/v2\/product"}],"about":[{"href":"https:\/\/mkb-system.ro\/index.php\/wp-json\/wp\/v2\/types\/product"}],"wp:featuredmedia":[{"embeddable":true,"href":"https:\/\/mkb-system.ro\/index.php\/wp-json\/wp\/v2\/media\/1025"}],"wp:attachment":[{"href":"https:\/\/mkb-system.ro\/index.php\/wp-json\/wp\/v2\/media?parent=1024"}],"curies":[{"name":"wp","href":"https:\/\/api.w.org\/{rel}","templated":true}]}}