{"id":1036,"date":"2020-10-21T23:17:08","date_gmt":"2020-10-21T23:17:08","guid":{"rendered":"https:\/\/mkb-system.ro\/?post_type=product&#038;p=1036"},"modified":"2022-03-15T13:18:32","modified_gmt":"2022-03-15T13:18:32","slug":"c5-dinamometru-isokinetic-pentru-centura-scapulo-humerala","status":"publish","type":"product","link":"https:\/\/mkb-system.ro\/index.php\/produs\/c5-dinamometru-isokinetic-pentru-centura-scapulo-humerala\/","title":{"rendered":"C5 Dinamometru Digital Isokinetic pentru centura scapulo &#8211; humeral\u0103"},"content":{"rendered":"<section class=\"has_eae_slider elementor-element elementor-element-f1cdcd6 elementor-section-stretched elementor-section-full_width elementor-section-height-default elementor-section-height-default elementor-section elementor-top-section\" data-id=\"f1cdcd6\" data-element_type=\"section\" data-settings=\"{&quot;stretch_section&quot;:&quot;section-stretched&quot;,&quot;background_background&quot;:&quot;classic&quot;}\">\n<div class=\"elementor-container elementor-column-gap-default\">\n<div class=\"elementor-row\">\n<div class=\"has_eae_slider elementor-element elementor-element-c289172 elementor-column elementor-col-25 elementor-top-column\" data-id=\"c289172\" data-element_type=\"column\">\n<div class=\"elementor-column-wrap elementor-element-populated\">\n<div class=\"elementor-widget-wrap\">\n<div class=\"elementor-element elementor-element-b944795 elementor-view-default elementor-position-top elementor-vertical-align-top elementor-widget elementor-widget-icon-box\" data-id=\"b944795\" data-element_type=\"widget\" data-widget_type=\"icon-box.default\">\n<div class=\"elementor-widget-container\">\n<div class=\"elementor-icon-box-wrapper\">\n<div class=\"elementor-icon-box-content\">\n<h4><strong>DINAMOMETRUL ISOKINETIC\u00a0<\/strong><\/h4>\n<h4>pentru\u00a0 centura scapulo-humeral\u0103 ofer\u0103 patru tipuri de proceduri diferite respectiv\u00a0<strong>cobor\u00e2rea\/ridicarea scapulei &amp; coborarea\/ridicarea centurii scapulo-humerale .<\/strong><\/h4>\n<h4><img loading=\"lazy\" class=\"alignnone size-medium wp-image-1038\" src=\"https:\/\/mkb-system.ro\/wp-content\/uploads\/2020\/10\/Untitled-design-32-300x300.png\" alt=\"\" width=\"300\" height=\"300\" srcset=\"https:\/\/mkb-system.ro\/wp-content\/uploads\/2020\/10\/Untitled-design-32-300x300.png 300w, https:\/\/mkb-system.ro\/wp-content\/uploads\/2020\/10\/Untitled-design-32-150x150.png 150w, https:\/\/mkb-system.ro\/wp-content\/uploads\/2020\/10\/Untitled-design-32-100x100.png 100w, https:\/\/mkb-system.ro\/wp-content\/uploads\/2020\/10\/Untitled-design-32.png 500w\" sizes=\"(max-width: 300px) 100vw, 300px\" \/><\/h4>\n<h4>Procedurile pot fi pornite din diferite unghiuri. \u00cenainte de \u00eenceperea procedurii pacientul va fi pozi\u021bionat cu flexia coapsei pe bazin la 90\u00b0 si flexia genunchiului la 90\u00b0.<\/h4>\n<h4><strong>Aspecte Importante:<\/strong><\/h4>\n<h4><strong>5 set\u0103ri \u0219i fix\u0103ri pentru o postur\u0103 corect\u0103<\/strong><\/h4>\n<\/div>\n<\/div>\n<\/div>\n<\/div>\n<\/div>\n<\/div>\n<\/div>\n<div class=\"elementor-widget-container\">\n<div class=\"elementor-icon-box-wrapper\">\n<div class=\"elementor-icon-box-icon\"><strong>3 proceduri \u00eentr-un singur dinamometru isokinetic<\/strong><\/div>\n<\/div>\n<\/div>\n<div class=\"elementor-widget-container\">\n<div class=\"elementor-icon-box-wrapper\">\n<div class=\"elementor-icon-box-icon\"><strong>Perne ergonomice din spum\u0103 special\u0103 pentru a preveni echimozele<\/strong><\/div>\n<\/div>\n<\/div>\n<div class=\"elementor-widget-container\">\n<div class=\"elementor-icon-box-wrapper\">\n<div class=\"elementor-icon-box-icon\"><strong>Protec\u021bie pentru umeri \u0219i bra\u021be la nivelul coloanei vertebrale \u0219i a um\u0103rului<\/strong><\/div>\n<div class=\"elementor-icon-box-icon\"><strong>Pern\u0103 pentru cap pentru stabilizarea coloanei verticale cervicale<\/strong><\/div>\n<\/div>\n<\/div>\n<\/div>\n<\/div>\n<\/section>\n<div class=\"elementor-container elementor-column-gap-default\">\n<div class=\"elementor-row\">\n<div class=\"elementor-widget-wrap\">\n<div class=\"elementor-element elementor-element-3e3eaa8 elementor-view-default elementor-position-top elementor-vertical-align-top elementor-widget elementor-widget-icon-box\" data-id=\"3e3eaa8\" data-element_type=\"widget\" data-widget_type=\"icon-box.default\">\n<div class=\"elementor-widget-container\">\n<div class=\"elementor-icon-box-wrapper\">\n<div class=\"elementor-icon-box-icon\"><strong>Dispozitiv de pretentionarea greut\u0103\u021bilor<\/strong><\/div>\n<\/div>\n<\/div>\n<\/div>\n<\/div>\n<div class=\"elementor-widget-wrap\">\n<div class=\"elementor-element elementor-element-66de7e6 elementor-view-default elementor-position-top elementor-vertical-align-top elementor-widget elementor-widget-icon-box\" data-id=\"66de7e6\" data-element_type=\"widget\" data-widget_type=\"icon-box.default\">\n<div class=\"elementor-widget-container\">\n<div class=\"elementor-icon-box-wrapper\">\n<div class=\"elementor-icon-box-icon\"><strong>Scanner de amprente<\/strong><\/div>\n<\/div>\n<\/div>\n<\/div>\n<\/div>\n<div class=\"has_eae_slider elementor-element elementor-element-6dd2308 elementor-column elementor-col-25 elementor-top-column\" data-id=\"6dd2308\" data-element_type=\"column\">\n<div class=\"elementor-column-wrap elementor-element-populated\">\n<div class=\"elementor-widget-wrap\">\n<div class=\"elementor-element elementor-element-9bef395 elementor-view-default elementor-position-top elementor-vertical-align-top elementor-widget elementor-widget-icon-box\" data-id=\"9bef395\" data-element_type=\"widget\" data-widget_type=\"icon-box.default\">\n<div class=\"elementor-widget-container\">\n<div class=\"elementor-icon-box-wrapper\">\n<h4 class=\"elementor-icon-box-icon\"><strong>Sistem inteligent de m\u0103surare a procedurilor<\/strong><\/h4>\n<h4 class=\"title\"><span class=\"lead\">PROCEDURA<\/span>\u00a0PENTRU COBOR\u00c2REA SCAPULEI (PULLDOWN)<\/h4>\n<h4>Reprezint\u0103 exerci\u021biul de baza fiind ac\u021bionat\u0103 musculatura membrului superior.Procedura poate fi efectuata \u00een pozi\u021bii diferite ac\u021bion\u00e2nd \u00een special asupra regiunilor dorsale \u0219i ventrale.<\/h4>\n<h4><img loading=\"lazy\" class=\"alignnone size-full wp-image-1039\" src=\"https:\/\/mkb-system.ro\/wp-content\/uploads\/2020\/10\/c5-procedura1-transparent.png\" alt=\"\" width=\"268\" height=\"201\" \/><\/h4>\n<h4 class=\"title\"><span class=\"lead\">PROCEDURA<\/span>\u00a0PENTRU COBOR\u00c2REA CENTURII SCAPULO-HUMERALE (DIPS)<\/h4>\n<h4>Este o procedura de baz\u0103 pentru mobilizarea scapulei \u0219i a posturii verticale.Prin diferitele variante de prindere are loc coborarea scapulei. Mi\u0219carea de prona\u021bie realizat\u0103 ac\u021bioneaz\u0103 asupra tricepsului brahial.<\/h4>\n<h4><img loading=\"lazy\" class=\"alignnone size-full wp-image-1040\" src=\"https:\/\/mkb-system.ro\/wp-content\/uploads\/2020\/10\/c5-procedura3-transparent.png\" alt=\"\" width=\"263\" height=\"160\" \/><\/h4>\n<h4 class=\"title\"><span class=\"lead\">PROCEDURA<\/span>\u00a0PENTRU RIDICAREA SCAPULEI<\/h4>\n<h4>Este o procedura de baza ce cuprinde toata musculatura um\u0103rului. \u00cen func\u021bie de variantele de prindere variabile se ac\u021bioneaz\u0103 asupra regiunilor ventrale, dorsale \u0219i laterale.<\/h4>\n<h4><img loading=\"lazy\" class=\"alignnone size-full wp-image-1041\" src=\"https:\/\/mkb-system.ro\/wp-content\/uploads\/2020\/10\/c5-procedura2-transparent.png\" alt=\"\" width=\"260\" height=\"170\" \/><\/h4>\n<h4 class=\"title\"><span class=\"lead\">PROCEDURA<\/span>\u00a0PENTRU RIDICAREA CENTURII SCAPULO-HUMERALE<\/h4>\n<h4>Procedura ac\u021bioneaz\u0103 asupra mu\u0219chiului trapez. Se asigur\u0103 de asemenea \u0219i o stabilizare a musculaturii dorsale a spatelui.<\/h4>\n<h4><img loading=\"lazy\" class=\"alignnone size-full wp-image-1042\" src=\"https:\/\/mkb-system.ro\/wp-content\/uploads\/2020\/10\/c5-procedura4-transparent.png\" alt=\"\" width=\"264\" height=\"162\" \/><\/h4>\n<\/div>\n<\/div>\n<\/div>\n<\/div>\n<\/div>\n<\/div>\n<\/div>\n<\/div>\n","protected":false},"excerpt":{"rendered":"<section class=\"has_eae_slider elementor-element elementor-element-f1cdcd6 elementor-section-stretched elementor-section-full_width elementor-section-height-default elementor-section-height-default elementor-section elementor-top-section\" data-id=\"f1cdcd6\" data-element_type=\"section\" data-settings=\"{&quot;stretch_section&quot;:&quot;section-stretched&quot;,&quot;background_background&quot;:&quot;classic&quot;}\">\n<div class=\"elementor-container elementor-column-gap-default\">\n<div class=\"elementor-row\">\n<div class=\"has_eae_slider elementor-element elementor-element-c289172 elementor-column elementor-col-25 elementor-top-column\" data-id=\"c289172\" data-element_type=\"column\">\n<div class=\"elementor-column-wrap elementor-element-populated\">\n<div class=\"elementor-widget-wrap\">\n<div class=\"elementor-element elementor-element-b944795 elementor-view-default elementor-position-top elementor-vertical-align-top elementor-widget elementor-widget-icon-box\" data-id=\"b944795\" data-element_type=\"widget\" data-widget_type=\"icon-box.default\">\n<div class=\"elementor-widget-container\">\n<div class=\"elementor-icon-box-wrapper\">\n<div class=\"elementor-icon-box-content\">\n<div class=\"elementor-element elementor-element-88c5b22 elementor-widget elementor-widget-heading\" data-id=\"88c5b22\" data-element_type=\"widget\" data-widget_type=\"heading.default\">\n<div class=\"elementor-widget-container\">\n<h4 class=\"elementor-heading-title elementor-size-default\">Proceduri complet automatizate &#8211; reglaje \u0219i fix\u0103ri<\/h4>\n<\/div>\n<\/div>\n<div class=\"elementor-element elementor-element-366f5d4 elementor-icon-list--layout-traditional elementor-widget elementor-widget-icon-list\" data-id=\"366f5d4\" data-element_type=\"widget\" data-widget_type=\"icon-list.default\">\n<div class=\"elementor-widget-container\">\n<ul class=\"elementor-icon-list-items\">\n<li class=\"elementor-icon-list-item\">\n<h4><i class=\"fas fa-check\" aria-hidden=\"true\"><\/i><span class=\"elementor-icon-list-text\">Reglare automat\u0103 a sarcinii de lucru \u0219i dispozitiv de pretensionare a greut\u0103\u021bii patentat MKB-System<\/span><\/h4>\n<\/li>\n<li class=\"elementor-icon-list-item\">\n<h4><i class=\"fas fa-check\" aria-hidden=\"true\"><\/i><span class=\"elementor-icon-list-text\">Diferite posibilit\u0103\u021bi de manevravre a m\u00e2nerelor<\/span><\/h4>\n<\/li>\n<li class=\"elementor-icon-list-item\">\n<h4><i class=\"fas fa-check\" aria-hidden=\"true\"><\/i><span class=\"elementor-icon-list-text\">Compensarea greut\u0103\u021bii<\/span><\/h4>\n<\/li>\n<li class=\"elementor-icon-list-item\">\n<h4><i class=\"fas fa-check\" aria-hidden=\"true\"><\/i><span class=\"elementor-icon-list-text\">Perne ergonomice pentru CVC \u0219i spate<\/span><\/h4>\n<\/li>\n<li class=\"elementor-icon-list-item\">\n<h4><i class=\"fas fa-check\" aria-hidden=\"true\"><\/i><span class=\"elementor-icon-list-text\">Op\u021biuni diferite de prindere a m\u00e2nerelor pentru angrenarea diverselor grupe de mu\u0219chi<\/span><\/h4>\n<\/li>\n<li class=\"elementor-icon-list-item\">\n<h4><i class=\"fas fa-check\" aria-hidden=\"true\"><\/i><span class=\"elementor-icon-list-text\">Ajustarea complet automat\u0103 a \u00een\u0103l\u021bimii scaunului<\/span><\/h4>\n<\/li>\n<li class=\"elementor-icon-list-item\">\n<h4><i class=\"fas fa-check\" aria-hidden=\"true\"><\/i><span class=\"elementor-icon-list-text\">Suport suplimentar pentru picioare<\/span><\/h4>\n<\/li>\n<li class=\"elementor-icon-list-item\">\n<h4><i class=\"fas fa-check\" aria-hidden=\"true\"><\/i><span class=\"elementor-icon-list-text\">Pedal\u0103 suplimentar\u0103 pentru ajustarea m\u00e2nerelor superioare (ajutor la urcare)<\/span><\/h4>\n<\/li>\n<li class=\"elementor-icon-list-item\">\n<h4><i class=\"fas fa-check\" aria-hidden=\"true\"><\/i><span class=\"elementor-icon-list-text\">Monitor rotativ de 17 inch<\/span><\/h4>\n<\/li>\n<li class=\"elementor-icon-list-item\">\n<h4><i class=\"fas fa-check\" aria-hidden=\"true\"><\/i><span class=\"elementor-icon-list-text\">Amprent\u0103 biometric\u0103\u00a0<\/span><\/h4>\n<h4>DIMENSIUNI: lungime: 230 cm \/ l\u0103\u021bime: 150 cm \/ \u00een\u0103l\u021bime: 205 cm<\/h4>\n<h4>SUPRAFA\u021aA DE AMPLASARE: cca. 4m2<\/h4>\n<h4>GREUTATE: 550 kg<\/h4>\n<h4>CONSUMUL DE ENERGIE: 3 euro \/ lun\u0103<\/h4>\n<h4>COMPUTER: PC integrat, inclusiv software-ul u\u0219or de controlat \u0219i monitor touchscreen de 17 inch<\/h4>\n<\/li>\n<\/ul>\n<\/div>\n<\/div>\n<\/div>\n<\/div>\n<\/div>\n<\/div>\n<\/div>\n<\/div>\n<\/div>\n<\/div>\n<\/div>\n<\/section>\n<div class=\"elementor-container elementor-column-gap-default\">\n<div class=\"elementor-row\">\n<div class=\"has_eae_slider elementor-element elementor-element-6dd2308 elementor-column elementor-col-25 elementor-top-column\" data-id=\"6dd2308\" data-element_type=\"column\">\n<div class=\"elementor-column-wrap elementor-element-populated\">\n<div class=\"elementor-widget-wrap\">\n<div class=\"elementor-element elementor-element-9bef395 elementor-view-default elementor-position-top elementor-vertical-align-top elementor-widget elementor-widget-icon-box\" data-id=\"9bef395\" data-element_type=\"widget\" data-widget_type=\"icon-box.default\">\n<div class=\"elementor-widget-container\">\n<div class=\"elementor-icon-box-wrapper\">\n<h4><\/h4>\n<\/div>\n<\/div>\n<\/div>\n<\/div>\n<\/div>\n<\/div>\n<\/div>\n<\/div>\n","protected":false},"featured_media":1037,"template":"","meta":[],"lang":"ro","translations":{"ro":1036,"en":1318},"pll_sync_post":[],"_links":{"self":[{"href":"https:\/\/mkb-system.ro\/index.php\/wp-json\/wp\/v2\/product\/1036"}],"collection":[{"href":"https:\/\/mkb-system.ro\/index.php\/wp-json\/wp\/v2\/product"}],"about":[{"href":"https:\/\/mkb-system.ro\/index.php\/wp-json\/wp\/v2\/types\/product"}],"wp:featuredmedia":[{"embeddable":true,"href":"https:\/\/mkb-system.ro\/index.php\/wp-json\/wp\/v2\/media\/1037"}],"wp:attachment":[{"href":"https:\/\/mkb-system.ro\/index.php\/wp-json\/wp\/v2\/media?parent=1036"}],"curies":[{"name":"wp","href":"https:\/\/api.w.org\/{rel}","templated":true}]}}