{"id":1043,"date":"2020-10-21T23:21:08","date_gmt":"2020-10-21T23:21:08","guid":{"rendered":"https:\/\/mkb-system.ro\/?post_type=product&#038;p=1043"},"modified":"2022-03-15T13:18:24","modified_gmt":"2022-03-15T13:18:24","slug":"c17-dinamometru-isokinetic-pentru-coloana-dorso-lombara-si-sold","status":"publish","type":"product","link":"https:\/\/mkb-system.ro\/index.php\/produs\/c17-dinamometru-isokinetic-pentru-coloana-dorso-lombara-si-sold\/","title":{"rendered":"C17 Dinamometru Digital Isokinetic pentru coloana dorso-lombar\u0103 \u0219i \u0219old"},"content":{"rendered":"<h4><strong>DINAMOMETRUL ISOKINETIC\u00a0<\/strong><\/h4>\n<h4><strong>pentru coloana dorso-lombar\u0103 \u0219i \u0219old ofer\u0103 dou\u0103 tipuri de proceduri respectiv\u00a0\u00eenclinarea trunchiului \u0219i rota\u021bia \u0219oldului. C17 este\u00a0primul\u00a0Dinamometru Isokinetic care realizeaz\u0103 o mi\u0219care 2D astfel combin\u00e2nd dou\u0103 exerci\u021bii \u00eentr-unul singur. Doar \u00een acest fel se realizeaz\u0103 o contrac\u021bie muscular\u0103 concentric\u0103 asupra mu\u0219chiului\u00a0iliopsoas.<\/strong><\/h4>\n<h4><strong><img loading=\"lazy\" class=\"alignnone size-medium wp-image-1045\" src=\"https:\/\/mkb-system.ro\/wp-content\/uploads\/2020\/10\/c17-muschi1-transparent-257x300.png\" alt=\"\" width=\"257\" height=\"300\" srcset=\"https:\/\/mkb-system.ro\/wp-content\/uploads\/2020\/10\/c17-muschi1-transparent-257x300.png 257w, https:\/\/mkb-system.ro\/wp-content\/uploads\/2020\/10\/c17-muschi1-transparent.png 281w\" sizes=\"(max-width: 257px) 100vw, 257px\" \/><\/strong><\/h4>\n<h4><strong>2D DIMENSIONAL STABILIZARE PRIN \u00ceNCLINARE \u0218I ROTA\u021aIE<\/strong><\/h4>\n<h4><strong>Stabilizarea 2D asigur\u0103 mobilitatea articula\u021biilor coloanei vertebrale \u0219i solicitarea musculaturii \u00een condi\u021bii de\u00a0 siguran\u021b\u0103. Prin mi\u0219carea unidimensional\u0103 la nivelul musculaturii spatelui se realizeaz\u0103 doar \u00eenclinarea trunchiului f\u0103r\u0103 a realiza mi\u0219carea de rota\u021bie. Dinamometrul Isokinetic C17 a fost dezvoltat de\u00a0MKB System\u00a0\u00eempreun\u0103 cu terapeu\u021bi \u0219i medici experimenta\u021bi, \u00een mod special pentru a realiza \u00een plus \u0219i rota\u021bia \u0219oldului printr-o mi\u0219care complex\u0103 2D.<\/strong><\/h4>\n<h4><strong><img loading=\"lazy\" class=\"alignnone size-medium wp-image-1046\" src=\"https:\/\/mkb-system.ro\/wp-content\/uploads\/2020\/10\/c17-muschi2-transparent-188x300.png\" alt=\"\" width=\"188\" height=\"300\" srcset=\"https:\/\/mkb-system.ro\/wp-content\/uploads\/2020\/10\/c17-muschi2-transparent-188x300.png 188w, https:\/\/mkb-system.ro\/wp-content\/uploads\/2020\/10\/c17-muschi2-transparent.png 197w\" sizes=\"(max-width: 188px) 100vw, 188px\" \/><\/strong><\/h4>\n<h4><strong>Aspecte importante:<\/strong><\/h4>\n<div class=\"elementor-container elementor-column-gap-default\">\n<div class=\"elementor-row\">\n<div class=\"has_eae_slider elementor-element elementor-element-c289172 elementor-column elementor-col-20 elementor-top-column\" data-id=\"c289172\" data-element_type=\"column\">\n<div class=\"elementor-column-wrap elementor-element-populated\">\n<div class=\"elementor-widget-wrap\">\n<div class=\"elementor-element elementor-element-b944795 elementor-view-default elementor-position-top elementor-vertical-align-top elementor-widget elementor-widget-icon-box\" data-id=\"b944795\" data-element_type=\"widget\" data-widget_type=\"icon-box.default\">\n<div class=\"elementor-widget-container\">\n<div class=\"elementor-icon-box-wrapper\">\n<div class=\"elementor-icon-box-content\">\n<h3 class=\"elementor-icon-box-title\"><strong>Stabilizare \u0219i rota\u021bie 2D<\/strong><\/h3>\n<\/div>\n<\/div>\n<\/div>\n<\/div>\n<\/div>\n<\/div>\n<\/div>\n<div class=\"has_eae_slider elementor-element elementor-element-60a6df6 elementor-column elementor-col-20 elementor-top-column\" data-id=\"60a6df6\" data-element_type=\"column\">\n<div class=\"elementor-column-wrap elementor-element-populated\">\n<div class=\"elementor-widget-wrap\">\n<div class=\"elementor-element elementor-element-69b12f8 elementor-view-default elementor-position-top elementor-vertical-align-top elementor-widget elementor-widget-icon-box\" data-id=\"69b12f8\" data-element_type=\"widget\" data-widget_type=\"icon-box.default\">\n<div class=\"elementor-widget-container\">\n<div class=\"elementor-icon-box-wrapper\">\n<div class=\"elementor-icon-box-icon\"><strong>7 set\u0103ri \u0219i fix\u0103ri<\/strong><\/div>\n<\/div>\n<\/div>\n<\/div>\n<\/div>\n<\/div>\n<\/div>\n<div class=\"has_eae_slider elementor-element elementor-element-65fdbb5 elementor-column elementor-col-20 elementor-top-column\" data-id=\"65fdbb5\" data-element_type=\"column\">\n<div class=\"elementor-column-wrap elementor-element-populated\">\n<div class=\"elementor-widget-wrap\">\n<div class=\"elementor-element elementor-element-bdf83cc elementor-view-default elementor-position-top elementor-vertical-align-top elementor-widget elementor-widget-icon-box\" data-id=\"bdf83cc\" data-element_type=\"widget\" data-widget_type=\"icon-box.default\">\n<div class=\"elementor-widget-container\">\n<div class=\"elementor-icon-box-wrapper\">\n<div class=\"elementor-icon-box-icon\"><strong>2 proceduri \u00eentr-un singur dinamometru isokinetic<\/strong><\/div>\n<\/div>\n<\/div>\n<\/div>\n<\/div>\n<\/div>\n<\/div>\n<div class=\"has_eae_slider elementor-element elementor-element-08b4c1a elementor-column elementor-col-20 elementor-top-column\" data-id=\"08b4c1a\" data-element_type=\"column\">\n<div class=\"elementor-column-wrap elementor-element-populated\">\n<div class=\"elementor-widget-wrap\">\n<div class=\"elementor-element elementor-element-de195c4 elementor-view-default elementor-position-top elementor-vertical-align-top elementor-widget elementor-widget-icon-box\" data-id=\"de195c4\" data-element_type=\"widget\" data-widget_type=\"icon-box.default\">\n<div class=\"elementor-widget-container\">\n<div class=\"elementor-icon-box-wrapper\">\n<div class=\"elementor-icon-box-icon\"><strong>Perne ergonomice din spum\u0103 special\u0103 pentru a preveni echimozele<\/strong><\/div>\n<\/div>\n<\/div>\n<\/div>\n<\/div>\n<\/div>\n<\/div>\n<div class=\"has_eae_slider elementor-element elementor-element-0effd6f elementor-column elementor-col-20 elementor-top-column\" data-id=\"0effd6f\" data-element_type=\"column\">\n<div class=\"elementor-column-wrap elementor-element-populated\">\n<div class=\"elementor-widget-wrap\">\n<div class=\"elementor-element elementor-element-3e3eaa8 elementor-view-default elementor-position-top elementor-vertical-align-top elementor-widget elementor-widget-icon-box\" data-id=\"3e3eaa8\" data-element_type=\"widget\" data-widget_type=\"icon-box.default\">\n<div class=\"elementor-widget-container\">\n<div class=\"elementor-icon-box-wrapper\">\n<div class=\"elementor-icon-box-icon\"><strong>Protec\u021bie pentru umeri \u0219i bra\u021be, la nivelul coloanei vertebrale \u0219i a um\u0103rului<\/strong><\/div>\n<\/div>\n<\/div>\n<\/div>\n<\/div>\n<\/div>\n<\/div>\n<\/div>\n<\/div>\n<div class=\"elementor-container elementor-column-gap-default\">\n<div class=\"elementor-row\">\n<div class=\"has_eae_slider elementor-element elementor-element-10d0154 elementor-column elementor-col-20 elementor-top-column\" data-id=\"10d0154\" data-element_type=\"column\">\n<div class=\"elementor-column-wrap elementor-element-populated\">\n<div class=\"elementor-widget-wrap\">\n<div class=\"elementor-element elementor-element-6ccbe9a elementor-view-default elementor-position-top elementor-vertical-align-top elementor-widget elementor-widget-icon-box\" data-id=\"6ccbe9a\" data-element_type=\"widget\" data-widget_type=\"icon-box.default\">\n<div class=\"elementor-widget-container\">\n<div class=\"elementor-icon-box-wrapper\">\n<div class=\"elementor-icon-box-icon\"><strong>Pern\u0103 pentru cap pentru stabilizarea coloanei verticale cervicale<\/strong><\/div>\n<\/div>\n<\/div>\n<\/div>\n<\/div>\n<\/div>\n<\/div>\n<div class=\"has_eae_slider elementor-element elementor-element-6434cf5 elementor-column elementor-col-20 elementor-top-column\" data-id=\"6434cf5\" data-element_type=\"column\">\n<div class=\"elementor-column-wrap elementor-element-populated\">\n<div class=\"elementor-widget-wrap\">\n<div class=\"elementor-element elementor-element-5e5fb71 elementor-view-default elementor-position-top elementor-vertical-align-top elementor-widget elementor-widget-icon-box\" data-id=\"5e5fb71\" data-element_type=\"widget\" data-widget_type=\"icon-box.default\">\n<div class=\"elementor-widget-container\">\n<div class=\"elementor-icon-box-wrapper\">\n<div class=\"elementor-icon-box-icon\"><strong>Dispozitiv de pretensionare a greut\u0103\u021bilor<\/strong><\/div>\n<\/div>\n<\/div>\n<\/div>\n<\/div>\n<\/div>\n<\/div>\n<div class=\"has_eae_slider elementor-element elementor-element-1484be3 elementor-column elementor-col-20 elementor-top-column\" data-id=\"1484be3\" data-element_type=\"column\">\n<div class=\"elementor-column-wrap elementor-element-populated\">\n<div class=\"elementor-widget-wrap\">\n<div class=\"elementor-element elementor-element-66de7e6 elementor-view-default elementor-position-top elementor-vertical-align-top elementor-widget elementor-widget-icon-box\" data-id=\"66de7e6\" data-element_type=\"widget\" data-widget_type=\"icon-box.default\">\n<div class=\"elementor-widget-container\">\n<div class=\"elementor-icon-box-wrapper\">\n<div class=\"elementor-icon-box-icon\"><strong>Scanner pentru amprenta biometric\u0103<\/strong><\/div>\n<\/div>\n<\/div>\n<\/div>\n<\/div>\n<\/div>\n<\/div>\n<div class=\"has_eae_slider elementor-element elementor-element-da0206d elementor-column elementor-col-20 elementor-top-column\" data-id=\"da0206d\" data-element_type=\"column\">\n<div class=\"elementor-column-wrap elementor-element-populated\">\n<div class=\"elementor-widget-wrap\">\n<div class=\"elementor-element elementor-element-9bef395 elementor-view-default elementor-position-top elementor-vertical-align-top elementor-widget elementor-widget-icon-box\" data-id=\"9bef395\" data-element_type=\"widget\" data-widget_type=\"icon-box.default\">\n<div class=\"elementor-widget-container\">\n<div class=\"elementor-icon-box-wrapper\">\n<div class=\"elementor-icon-box-icon\"><strong>Sistem inteligent de m\u0103surare a procedurilor<\/strong><\/div>\n<\/div>\n<\/div>\n<\/div>\n<\/div>\n<\/div>\n<\/div>\n<div class=\"has_eae_slider elementor-element elementor-element-6dd2308 elementor-column elementor-col-20 elementor-top-column\" data-id=\"6dd2308\" data-element_type=\"column\">\n<div class=\"elementor-column-wrap\"><\/div>\n<\/div>\n<\/div>\n<\/div>\n<h4><strong><span class=\"lead\">PROCEDURA<\/span>\u00a0PENTRU COLOANA DORSO-LOBAR\u0102 \u0218I \u0218OLD<\/strong><\/h4>\n<h4><strong>Procedura 2D poate \u00eencepe din diferite unghiuri de pornire. \u00cenainte de \u00eenceperea procedurii, pacientul va fi pozi\u021bionat cu flexia coapsei pe bazin \u0219i flexia gambei pe coapsa la 90\u00b0. Pentru a realiza o \u00eendreptare adecvat\u0103 sau pre-\u00eentinderea la pacien\u021bii cu lodoz\u0103, este necesar\u0103 o pozi\u021bie de coordonare optim\u0103. Aceasta asigur\u0103 o mai mare flexibilitate a coloanei dorso-lombare. Aceast\u0103 form\u0103 complex\u0103 de miscare reprezint\u0103 o parte important\u0103 a vietii cotidiene.<\/strong><\/h4>\n<h4><strong><img loading=\"lazy\" class=\"alignnone size-full wp-image-1047\" src=\"https:\/\/mkb-system.ro\/wp-content\/uploads\/2020\/10\/c17-procedura1-transparent-300x276-1.png\" alt=\"\" width=\"300\" height=\"276\" \/><\/strong><\/h4>\n","protected":false},"excerpt":{"rendered":"<div class=\"elementor-element elementor-element-88c5b22 elementor-widget elementor-widget-heading\" data-id=\"88c5b22\" data-element_type=\"widget\" data-widget_type=\"heading.default\">\n<div class=\"elementor-widget-container\"><strong>Proceduri complet automatizate &#8211; reglaje \u0219i fix\u0103ri<\/strong><\/div>\n<\/div>\n<div class=\"elementor-widget-container\">\n<ul class=\"elementor-icon-list-items\">\n<li class=\"elementor-icon-list-item\"><strong><i class=\"fas fa-check\" aria-hidden=\"true\"><\/i><span class=\"elementor-icon-list-text\">Reglare automat\u0103 a sarcinii de lucru \u0219i dispozitiv de pretensionare a greut\u0103\u021bii patentat MKB-System<\/span><\/strong><\/li>\n<li class=\"elementor-icon-list-item\"><strong><i class=\"fas fa-check\" aria-hidden=\"true\"><\/i><span class=\"elementor-icon-list-text\">Fixare CVC<\/span><\/strong><\/li>\n<li class=\"elementor-icon-list-item\"><strong><i class=\"fas fa-check\" aria-hidden=\"true\"><\/i><span class=\"elementor-icon-list-text\">Fixare CVC \/ Ajustarea \u00een\u0103l\u021bimii<\/span><\/strong><\/li>\n<li class=\"elementor-icon-list-item\"><strong><i class=\"fas fa-check\" aria-hidden=\"true\"><\/i><span class=\"elementor-icon-list-text\">Setare automat\u0103 a unghiului pentru fixarea corpului<\/span><\/strong><\/li>\n<li class=\"elementor-icon-list-item\"><strong><i class=\"fas fa-check\" aria-hidden=\"true\"><\/i><span class=\"elementor-icon-list-text\">Pern\u0103 ergonomic\u0103 CVC<\/span><\/strong><\/li>\n<li class=\"elementor-icon-list-item\"><strong><i class=\"fas fa-check\" aria-hidden=\"true\"><\/i><span class=\"elementor-icon-list-text\">Suport ergonomic pentru CVL<\/span><\/strong><\/li>\n<li class=\"elementor-icon-list-item\"><strong><i class=\"fas fa-check\" aria-hidden=\"true\"><\/i><span class=\"elementor-icon-list-text\">Ajustare automat\u0103 pe \u00een\u0103l\u021bimea scaunului<\/span><\/strong><\/li>\n<li class=\"elementor-icon-list-item\"><strong><i class=\"fas fa-check\" aria-hidden=\"true\"><\/i><span class=\"elementor-icon-list-text\">Suport suplimentar pentru picioare<\/span><\/strong><\/li>\n<li class=\"elementor-icon-list-item\"><strong><i class=\"fas fa-check\" aria-hidden=\"true\"><\/i><span class=\"elementor-icon-list-text\">Ajustare \u0219i fixare automat\u0103 pentru picioare<\/span><\/strong><\/li>\n<li class=\"elementor-icon-list-item\"><strong><i class=\"fas fa-check\" aria-hidden=\"true\"><\/i><span class=\"elementor-icon-list-text\">Bra\u021b mobil reglabil<\/span><\/strong><\/li>\n<li class=\"elementor-icon-list-item\"><strong><i class=\"fas fa-check\" aria-hidden=\"true\"><\/i><span class=\"elementor-icon-list-text\">Monitor rotativ de 17 inch<\/span><\/strong><\/li>\n<li class=\"elementor-icon-list-item\"><strong><i class=\"fas fa-check\" aria-hidden=\"true\"><\/i><span class=\"elementor-icon-list-text\">Amprent\u0103 biometric\u0103<\/span><\/strong><\/li>\n<\/ul>\n<\/div>\n<p><strong>DIMENSIUNI: lungime: 120cm \/ l\u0103\u021bime: 130 cm \/ \u00een\u0103l\u021bime: 200 cm<\/strong><\/p>\n<p><strong>SUPRAFA\u021aA DE AMPLASARE: cca. 2m2<\/strong><\/p>\n<p><strong>GREUTATE: 300kg<\/strong><\/p>\n<p><strong>CONSUMUL DE ENERGIE: 3 euro \/ lun\u0103<\/strong><\/p>\n<p><strong>COMPUTER: PC integrat, inclusiv software-ul u\u0219or de controlat \u0219i monitor touchscreen de 17 inch<\/strong><\/p>\n<h4><\/h4>\n","protected":false},"featured_media":1044,"template":"","meta":[],"lang":"ro","translations":{"ro":1043,"en":1317},"pll_sync_post":[],"_links":{"self":[{"href":"https:\/\/mkb-system.ro\/index.php\/wp-json\/wp\/v2\/product\/1043"}],"collection":[{"href":"https:\/\/mkb-system.ro\/index.php\/wp-json\/wp\/v2\/product"}],"about":[{"href":"https:\/\/mkb-system.ro\/index.php\/wp-json\/wp\/v2\/types\/product"}],"wp:featuredmedia":[{"embeddable":true,"href":"https:\/\/mkb-system.ro\/index.php\/wp-json\/wp\/v2\/media\/1044"}],"wp:attachment":[{"href":"https:\/\/mkb-system.ro\/index.php\/wp-json\/wp\/v2\/media?parent=1043"}],"curies":[{"name":"wp","href":"https:\/\/api.w.org\/{rel}","templated":true}]}}