{"id":1048,"date":"2020-10-21T23:27:46","date_gmt":"2020-10-21T23:27:46","guid":{"rendered":"https:\/\/mkb-system.ro\/?post_type=product&#038;p=1048"},"modified":"2022-03-15T13:18:16","modified_gmt":"2022-03-15T13:18:16","slug":"c8-dinamometru-isokinetic-butterfly-cu-functie-dubla","status":"publish","type":"product","link":"https:\/\/mkb-system.ro\/index.php\/produs\/c8-dinamometru-isokinetic-butterfly-cu-functie-dubla\/","title":{"rendered":"C8 Dinamometru Digital Isokinetic butterfly cu func\u021bie dubl\u0103"},"content":{"rendered":"<h4><strong>DINAMOMETRU ISOKINETIC BUTTERFLY<\/strong><\/h4>\n<h4><strong>Cu func\u021bie dubl\u0103 cu spatar\/stabilizator ofer\u0103 posibilitatea de a efectua dou\u0103 proceduri respectiv abduc\u021bia &amp; adduc\u021bia orizontal\u0103 a um\u0103rului.<\/strong><\/h4>\n<h4><strong><img loading=\"lazy\" class=\"alignnone size-medium wp-image-1050\" src=\"https:\/\/mkb-system.ro\/wp-content\/uploads\/2020\/10\/Untitled-design-33-300x300.png\" alt=\"\" width=\"300\" height=\"300\" srcset=\"https:\/\/mkb-system.ro\/wp-content\/uploads\/2020\/10\/Untitled-design-33-300x300.png 300w, https:\/\/mkb-system.ro\/wp-content\/uploads\/2020\/10\/Untitled-design-33-150x150.png 150w, https:\/\/mkb-system.ro\/wp-content\/uploads\/2020\/10\/Untitled-design-33-100x100.png 100w, https:\/\/mkb-system.ro\/wp-content\/uploads\/2020\/10\/Untitled-design-33.png 500w\" sizes=\"(max-width: 300px) 100vw, 300px\" \/><\/strong><\/h4>\n<h4><strong>\u00cenainte de inceperea procedurii pacientul va fi pozitionat cu flexia coapsei pe bazin si flexia gambei pe coapsa la 90\u00b0.<\/strong><\/h4>\n<h4><strong>Aspecte importante:<\/strong><\/h4>\n<h4><strong>5 set\u0103ri \u0219i fix\u0103ri pentru o postur\u0103 corect\u0103<\/strong><\/h4>\n<h4><strong>3 proceduri \u00eentr-un singur dinamometru isokinetic<\/strong><\/h4>\n<h4><strong>Perne ergonomice\u00a0spum\u0103 special\u0103 pentru a preveni echimozele<\/strong><\/h4>\n<h4><strong>Protec\u021bie pentru umeri \u0219i bra\u021be\u00a0la nivelul coloanei vertebrale \u0219i a um\u0103rului<\/strong><\/h4>\n<h4><strong>Pern\u0103 pentru cap\u00a0pentru stabilizarea coloanei verticale cervicale<\/strong><\/h4>\n<h4><strong>Dispozitiv de pretentionare\u00a0a greut\u0103\u021bilor<\/strong><\/h4>\n<h4><strong>Scanner\u00a0de amprente<\/strong><\/h4>\n<h4><strong>Sistem inteligent de m\u0103surare a procedurilor.<\/strong><\/h4>\n<h4><strong>Proceduri:<\/strong><\/h4>\n<h4 class=\"title\"><strong><span class=\"lead\">PROCEDURA<\/span>\u00a0PENTRU MUSCULATURA UMERILOR<\/strong><\/h4>\n<h4><strong>Pentru a realiza o \u00eendreptare optima sau o pre-\u00eentindere la pacien\u021bii cu cifoza, este necesar\u0103 o pozi\u021bie optima \u0219i coordonat\u0103 de pornire, ceea ce asigur\u0103 o mai mare flexibilitate a coloanei vertebrale toracice. Musculatura umerilor poate fi ac\u021bionat\u0103 individual, \u00een mod diferit la C8 datorit\u0103 diferitelor pozi\u021bii de prindere a bra\u021bului pe Dinamometrul Isokinetic .<\/strong><\/h4>\n<h4><strong><img loading=\"lazy\" class=\"alignnone size-full wp-image-1051\" src=\"https:\/\/mkb-system.ro\/wp-content\/uploads\/2020\/10\/C8-procedura1-transparent-300x252-1.png\" alt=\"\" width=\"300\" height=\"252\" \/><\/strong><\/h4>\n<h4 class=\"title\"><strong><span class=\"lead\">PROCEDURA<\/span>\u00a0PENTRU MUSCULATURA SPATELUI<\/strong><\/h4>\n<h4><strong>Se ac\u021bioneaz\u0103 asupra musculaturii regiunii mediale \u0219i laterale a spatelui. Un factor important este postura corect\u0103 a coloanei vertebrale cervicale. Pernele sunt ajustate complet automat astfel \u00eenc\u00e2t coloana vertebral\u0103 cervical\u0103 s\u0103 fie \u00een pozi\u021bia neutr\u0103 pentru a preveni suprasolicitarea, compresia \u0219i hipermobilitatea. Astfel se stabilizeaz\u0103 musculatura dorsal\u0103 a um\u0103rului.<\/strong><\/h4>\n<h4><strong><img loading=\"lazy\" class=\"alignnone size-full wp-image-1052\" src=\"https:\/\/mkb-system.ro\/wp-content\/uploads\/2020\/10\/c8-procedura2-transparent-oq4qlkkx1eiwemsx086vilpizazwt3u78uqgudq4sk.png\" alt=\"\" width=\"280\" height=\"250\" \/><\/strong><\/h4>\n","protected":false},"excerpt":{"rendered":"<div class=\"elementor-element elementor-element-88c5b22 elementor-widget elementor-widget-heading\" data-id=\"88c5b22\" data-element_type=\"widget\" data-widget_type=\"heading.default\">\n<div class=\"elementor-widget-container\"><strong>Proceduri complet automatizate &#8211; reglaje \u0219i fix\u0103ri<\/strong><\/div>\n<\/div>\n<div class=\"elementor-widget-container\">\n<ul class=\"elementor-icon-list-items\">\n<li class=\"elementor-icon-list-item\"><strong><i class=\"fas fa-check\" aria-hidden=\"true\"><\/i><span class=\"elementor-icon-list-text\">Reglare automat\u0103 a sarcinii de lucru \u0219i dispozitiv de pretensionare a greut\u0103\u021bii patentat MKB-System<\/span><\/strong><\/li>\n<li class=\"elementor-icon-list-item\"><strong><i class=\"fas fa-check\" aria-hidden=\"true\"><\/i><span class=\"elementor-icon-list-text\">M\u00e2nere ergonomice \u0219i cilindri pentru bra\u021be, pentru tonifierea diverselor grupe musculare<\/span><\/strong><\/li>\n<li class=\"elementor-icon-list-item\"><strong><i class=\"fas fa-check\" aria-hidden=\"true\"><\/i><span class=\"elementor-icon-list-text\">Fixare CVC<\/span><\/strong><\/li>\n<li class=\"elementor-icon-list-item\"><strong><i class=\"fas fa-check\" aria-hidden=\"true\"><\/i><span class=\"elementor-icon-list-text\">Ajustarea automat\u0103 a sp\u0103tarului<\/span><\/strong><\/li>\n<li class=\"elementor-icon-list-item\"><strong><i class=\"fas fa-check\" aria-hidden=\"true\"><\/i><span class=\"elementor-icon-list-text\">Bra\u021be ergonomice reglabile cu pornire automat\u0103<\/span><\/strong><\/li>\n<li class=\"elementor-icon-list-item\"><strong><i class=\"fas fa-check\" aria-hidden=\"true\"><\/i><span class=\"elementor-icon-list-text\">Suport suplimentar pentru picioare<\/span><\/strong><\/li>\n<li class=\"elementor-icon-list-item\"><strong><i class=\"fas fa-check\" aria-hidden=\"true\"><\/i><span class=\"elementor-icon-list-text\">Ajustare automat\u0103 pe \u00een\u0103l\u021bimea scaunului<\/span><\/strong><\/li>\n<li class=\"elementor-icon-list-item\"><strong><i class=\"fas fa-check\" aria-hidden=\"true\"><\/i><span class=\"elementor-icon-list-text\">Suport suplimentar pentru picioare<\/span><\/strong><\/li>\n<li class=\"elementor-icon-list-item\"><strong><i class=\"fas fa-check\" aria-hidden=\"true\"><\/i><span class=\"elementor-icon-list-text\">Ajustare \u0219i fixare automat\u0103 pentru picioare<\/span><\/strong><\/li>\n<li class=\"elementor-icon-list-item\"><strong><i class=\"fas fa-check\" aria-hidden=\"true\"><\/i><span class=\"elementor-icon-list-text\">Monitor rotativ de 17 inch<\/span><\/strong><\/li>\n<li class=\"elementor-icon-list-item\"><strong><i class=\"fas fa-check\" aria-hidden=\"true\"><\/i><span class=\"elementor-icon-list-text\">Amprent\u0103 biometric\u0103<\/span><\/strong><\/li>\n<\/ul>\n<\/div>\n<p><strong>DIMENSIUNI: lungime: 150cm \/ l\u0103\u021bime: 170 cm \/ \u00een\u0103l\u021bime: 205 cm<\/strong><\/p>\n<p><strong>SUPRAFA\u021aA DE AMPLASARE: cca. 3m2<\/strong><\/p>\n<p><strong>GREUTATE: 300kg<\/strong><\/p>\n<p><strong>CONSUMUL DE ENERGIE: 3 euro \/ lun\u0103<\/strong><\/p>\n<p><strong>COMPUTER: PC integrat, inclusiv software-ul u\u0219or de controlat \u0219i monitor touchscreen de 17 inch<\/strong><\/p>\n<h4><\/h4>\n","protected":false},"featured_media":1049,"template":"","meta":[],"lang":"ro","translations":{"en":1312,"ro":1048},"pll_sync_post":[],"_links":{"self":[{"href":"https:\/\/mkb-system.ro\/index.php\/wp-json\/wp\/v2\/product\/1048"}],"collection":[{"href":"https:\/\/mkb-system.ro\/index.php\/wp-json\/wp\/v2\/product"}],"about":[{"href":"https:\/\/mkb-system.ro\/index.php\/wp-json\/wp\/v2\/types\/product"}],"wp:featuredmedia":[{"embeddable":true,"href":"https:\/\/mkb-system.ro\/index.php\/wp-json\/wp\/v2\/media\/1049"}],"wp:attachment":[{"href":"https:\/\/mkb-system.ro\/index.php\/wp-json\/wp\/v2\/media?parent=1048"}],"curies":[{"name":"wp","href":"https:\/\/api.w.org\/{rel}","templated":true}]}}