{"id":1065,"date":"2020-10-21T23:50:13","date_gmt":"2020-10-21T23:50:13","guid":{"rendered":"https:\/\/mkb-system.ro\/?post_type=product&#038;p=1065"},"modified":"2022-03-15T13:17:22","modified_gmt":"2022-03-15T13:17:22","slug":"c16-dinamometru-isokinetic-pentru-genunchi","status":"publish","type":"product","link":"https:\/\/mkb-system.ro\/index.php\/produs\/c16-dinamometru-isokinetic-pentru-genunchi\/","title":{"rendered":"C16 Dinamometru Digital Isokinetic pentru genunchi"},"content":{"rendered":"<h4><strong>DINAMOMETRU ISOKINETIC PENTRU GENUNCHI<\/strong><\/h4>\n<h4>ofer\u0103 dou\u0103 proceduri diferite de antrenament respectiv<strong> extensia \/ flexia genunchiului<\/strong>.<\/h4>\n<h4><img loading=\"lazy\" class=\"alignnone size-medium wp-image-1067\" src=\"https:\/\/mkb-system.ro\/wp-content\/uploads\/2020\/10\/Untitled-design-36-300x300.png\" alt=\"\" width=\"300\" height=\"300\" srcset=\"https:\/\/mkb-system.ro\/wp-content\/uploads\/2020\/10\/Untitled-design-36-300x300.png 300w, https:\/\/mkb-system.ro\/wp-content\/uploads\/2020\/10\/Untitled-design-36-150x150.png 150w, https:\/\/mkb-system.ro\/wp-content\/uploads\/2020\/10\/Untitled-design-36-100x100.png 100w, https:\/\/mkb-system.ro\/wp-content\/uploads\/2020\/10\/Untitled-design-36.png 500w\" sizes=\"(max-width: 300px) 100vw, 300px\" \/><\/h4>\n<h4>Aspecte importante:<\/h4>\n<div class=\"elementor-container elementor-column-gap-default\">\n<div class=\"elementor-row\">\n<div class=\"has_eae_slider elementor-element elementor-element-2dabe69 elementor-column elementor-col-25 elementor-top-column\" data-id=\"2dabe69\" data-element_type=\"column\">\n<div class=\"elementor-column-wrap elementor-element-populated\">\n<div class=\"elementor-widget-wrap\">\n<div class=\"elementor-element elementor-element-edea0b2 elementor-view-default elementor-position-top elementor-vertical-align-top elementor-widget elementor-widget-icon-box\" data-id=\"edea0b2\" data-element_type=\"widget\" data-widget_type=\"icon-box.default\">\n<div class=\"elementor-widget-container\">\n<div class=\"elementor-icon-box-wrapper\">\n<div class=\"elementor-icon-box-content\">\n<h3 class=\"elementor-icon-box-title\">4 set\u0103ri \u0219i fix\u0103ri pentru o postur\u0103 corect\u0103<\/h3>\n<\/div>\n<\/div>\n<\/div>\n<\/div>\n<\/div>\n<\/div>\n<\/div>\n<div class=\"has_eae_slider elementor-element elementor-element-e7506e4 elementor-column elementor-col-25 elementor-top-column\" data-id=\"e7506e4\" data-element_type=\"column\">\n<div class=\"elementor-column-wrap elementor-element-populated\">\n<div class=\"elementor-widget-wrap\">\n<div class=\"elementor-element elementor-element-b1df077 elementor-view-default elementor-position-top elementor-vertical-align-top elementor-widget elementor-widget-icon-box\" data-id=\"b1df077\" data-element_type=\"widget\" data-widget_type=\"icon-box.default\">\n<div class=\"elementor-widget-container\">\n<div class=\"elementor-icon-box-wrapper\">\n<div class=\"elementor-icon-box-icon\"><\/div>\n<div class=\"elementor-icon-box-content\">\n<h3 class=\"elementor-icon-box-title\">2 proceduri \u00eentr-un singur dinamometru isokinetic<\/h3>\n<\/div>\n<\/div>\n<\/div>\n<\/div>\n<\/div>\n<\/div>\n<\/div>\n<div class=\"has_eae_slider elementor-element elementor-element-20bb72e elementor-column elementor-col-25 elementor-top-column\" data-id=\"20bb72e\" data-element_type=\"column\">\n<div class=\"elementor-column-wrap elementor-element-populated\">\n<div class=\"elementor-widget-wrap\">\n<div class=\"elementor-element elementor-element-ddbc0c9 elementor-view-default elementor-position-top elementor-vertical-align-top elementor-widget elementor-widget-icon-box\" data-id=\"ddbc0c9\" data-element_type=\"widget\" data-widget_type=\"icon-box.default\">\n<div class=\"elementor-widget-container\">\n<div class=\"elementor-icon-box-wrapper\">\n<div class=\"elementor-icon-box-icon\"><\/div>\n<div class=\"elementor-icon-box-content\">\n<h3 class=\"elementor-icon-box-title\">Perne ergonomice spum\u0103 special\u0103 pentru a preveni echimozele<\/h3>\n<\/div>\n<\/div>\n<\/div>\n<\/div>\n<\/div>\n<\/div>\n<\/div>\n<div class=\"has_eae_slider elementor-element elementor-element-f1d1301 elementor-column elementor-col-25 elementor-top-column\" data-id=\"f1d1301\" data-element_type=\"column\">\n<div class=\"elementor-column-wrap elementor-element-populated\">\n<div class=\"elementor-widget-wrap\">\n<div class=\"elementor-element elementor-element-87f4ef5 elementor-view-default elementor-position-top elementor-vertical-align-top elementor-widget elementor-widget-icon-box\" data-id=\"87f4ef5\" data-element_type=\"widget\" data-widget_type=\"icon-box.default\">\n<div class=\"elementor-widget-container\">\n<div class=\"elementor-icon-box-wrapper\">\n<div class=\"elementor-icon-box-icon\"><\/div>\n<div class=\"elementor-icon-box-content\">\n<h3 class=\"elementor-icon-box-title\">Protec\u021bie pentru umeri \u0219i bra\u021be la nivelul coloanei vertebrale \u0219i a um\u0103rului<\/h3>\n<\/div>\n<\/div>\n<\/div>\n<\/div>\n<\/div>\n<\/div>\n<\/div>\n<\/div>\n<\/div>\n<section class=\"has_eae_slider elementor-element elementor-element-4225473 elementor-section-stretched elementor-section-full_width elementor-section-height-default elementor-section-height-default elementor-section elementor-top-section\" data-id=\"4225473\" data-element_type=\"section\" data-settings=\"{&quot;stretch_section&quot;:&quot;section-stretched&quot;,&quot;background_background&quot;:&quot;classic&quot;}\">\n<div class=\"elementor-container elementor-column-gap-default\">\n<div class=\"elementor-row\">\n<div class=\"elementor-column-wrap elementor-element-populated\">\n<div class=\"elementor-widget-wrap\">\n<div class=\"elementor-element elementor-element-4759cb5 elementor-view-default elementor-position-top elementor-vertical-align-top elementor-widget elementor-widget-icon-box\" data-id=\"4759cb5\" data-element_type=\"widget\" data-widget_type=\"icon-box.default\">\n<div class=\"elementor-widget-container\">\n<div class=\"elementor-icon-box-wrapper\">\n<div class=\"elementor-icon-box-icon\"><\/div>\n<div class=\"elementor-icon-box-content\">\n<h3 class=\"elementor-icon-box-title\">Pern\u0103 pentru cap pentru stabilizarea coloanei verticale cervicale<\/h3>\n<\/div>\n<\/div>\n<\/div>\n<\/div>\n<\/div>\n<\/div>\n<div class=\"elementor-column-wrap elementor-element-populated\">\n<div class=\"elementor-widget-wrap\">\n<div class=\"elementor-element elementor-element-3095005 elementor-view-default elementor-position-top elementor-vertical-align-top elementor-widget elementor-widget-icon-box\" data-id=\"3095005\" data-element_type=\"widget\" data-widget_type=\"icon-box.default\">\n<div class=\"elementor-widget-container\">\n<div class=\"elementor-icon-box-wrapper\">\n<div class=\"elementor-icon-box-icon\"><\/div>\n<div class=\"elementor-icon-box-content\">\n<h3 class=\"elementor-icon-box-title\">Dispozitiv de pretentionare a greut\u0103\u021bilor<\/h3>\n<\/div>\n<\/div>\n<\/div>\n<\/div>\n<\/div>\n<\/div>\n<div class=\"elementor-column-wrap elementor-element-populated\">\n<div class=\"elementor-widget-wrap\">\n<div class=\"elementor-element elementor-element-aa42f6b elementor-view-default elementor-position-top elementor-vertical-align-top elementor-widget elementor-widget-icon-box\" data-id=\"aa42f6b\" data-element_type=\"widget\" data-widget_type=\"icon-box.default\">\n<div class=\"elementor-widget-container\">\n<div class=\"elementor-icon-box-wrapper\">\n<div class=\"elementor-icon-box-icon\"><\/div>\n<div class=\"elementor-icon-box-content\">\n<h3 class=\"elementor-icon-box-title\">Scanner pentru amprenta biometric\u0103<\/h3>\n<\/div>\n<\/div>\n<\/div>\n<\/div>\n<\/div>\n<\/div>\n<div class=\"has_eae_slider elementor-element elementor-element-4c760c4 elementor-column elementor-col-25 elementor-top-column\" data-id=\"4c760c4\" data-element_type=\"column\">\n<div class=\"elementor-column-wrap elementor-element-populated\">\n<div class=\"elementor-widget-wrap\">\n<div class=\"elementor-element elementor-element-7b2d753 elementor-view-default elementor-position-top elementor-vertical-align-top elementor-widget elementor-widget-icon-box\" data-id=\"7b2d753\" data-element_type=\"widget\" data-widget_type=\"icon-box.default\">\n<div class=\"elementor-widget-container\">\n<div class=\"elementor-icon-box-wrapper\">\n<h4 class=\"elementor-icon-box-icon\"><\/h4>\n<div class=\"elementor-icon-box-content\">\n<h4 class=\"elementor-icon-box-title\">Sistem inteligent de m\u0103surare a procedurilor<\/h4>\n<h4>Proceduri:<\/h4>\n<h4 class=\"title\"><span class=\"lead\">PROCEDURI<\/span>\u00a0PENTRU EXTENSIA GENUNCHIULUI<\/h4>\n<h4>Comutarea automat\u0103 a bra\u021bului \u00een sens ascendent, permite extensia genunchiului f\u0103r\u0103 schimbarea pozi\u021biei de pornire. Datorit\u0103 pozi\u021biei de \u0219ezut, se ac\u021bioneaz\u0103 asupra musculaturii ischiocrurale cu flexia soldului la 90\u00b0.<\/h4>\n<h4><img loading=\"lazy\" class=\"alignnone size-medium wp-image-1068\" src=\"https:\/\/mkb-system.ro\/wp-content\/uploads\/2020\/10\/c16-procedura1-transparent-300x224.png\" alt=\"\" width=\"300\" height=\"224\" srcset=\"https:\/\/mkb-system.ro\/wp-content\/uploads\/2020\/10\/c16-procedura1-transparent-300x224.png 300w, https:\/\/mkb-system.ro\/wp-content\/uploads\/2020\/10\/c16-procedura1-transparent.png 396w\" sizes=\"(max-width: 300px) 100vw, 300px\" \/><\/h4>\n<h4 class=\"title\"><span class=\"lead\">PROCEDURA<\/span>\u00a0PENTRU FLEXIA GENUNCHIULUI<\/h4>\n<h4>Procedura ac\u021bioneaz\u0103 asupra musculaturii posterioare a coapsei. Cilindrul pentru picioare poate fi reglat automat \u00een func\u021bie de particularit\u0103\u021bile pacientului pentru o rezisten\u021b\u0103 distal\u0103 sau proximal\u0103. Mecanismul uniaxial ac\u021bioneaz\u0103 \u00een special musculatura adiacent\u0103 a genunchiului.<\/h4>\n<h4><img loading=\"lazy\" class=\"alignnone size-medium wp-image-1069\" src=\"https:\/\/mkb-system.ro\/wp-content\/uploads\/2020\/10\/c16-procedura2-transparent-300x271.png\" alt=\"\" width=\"300\" height=\"271\" srcset=\"https:\/\/mkb-system.ro\/wp-content\/uploads\/2020\/10\/c16-procedura2-transparent-300x271.png 300w, https:\/\/mkb-system.ro\/wp-content\/uploads\/2020\/10\/c16-procedura2-transparent.png 302w\" sizes=\"(max-width: 300px) 100vw, 300px\" \/><\/h4>\n<\/div>\n<\/div>\n<\/div>\n<\/div>\n<\/div>\n<\/div>\n<\/div>\n<\/div>\n<\/div>\n<\/section>\n","protected":false},"excerpt":{"rendered":"<div class=\"elementor-element elementor-element-88c5b22 elementor-widget elementor-widget-heading\" data-id=\"88c5b22\" data-element_type=\"widget\" data-widget_type=\"heading.default\">\n<div class=\"elementor-widget-container\">\n<h4 class=\"elementor-heading-title elementor-size-default\">Proceduri complet automatizate &#8211; reglaje \u0219i fix\u0103ri<\/h4>\n<\/div>\n<\/div>\n<div class=\"elementor-widget-container\">\n<ul class=\"elementor-icon-list-items\">\n<li class=\"elementor-icon-list-item\"><i class=\"fas fa-check\" aria-hidden=\"true\"><\/i><span class=\"elementor-icon-list-text\">Reglare automat\u0103 a sarcinii de lucru \u0219i dispozitiv de pretensionare a greut\u0103\u021bii patentat MKB-System<\/span><\/li>\n<li class=\"elementor-icon-list-item\"><i class=\"fas fa-check\" aria-hidden=\"true\"><\/i><span class=\"elementor-icon-list-text\">M\u00e2nere suplimentare<\/span><\/li>\n<li class=\"elementor-icon-list-item\"><i class=\"fas fa-check\" aria-hidden=\"true\"><\/i><span class=\"elementor-icon-list-text\">Fixare CVC<\/span><\/li>\n<li class=\"elementor-icon-list-item\"><i class=\"fas fa-check\" aria-hidden=\"true\"><\/i><span class=\"elementor-icon-list-text\">Sp\u0103tar ergonomic<\/span><\/li>\n<li class=\"elementor-icon-list-item\"><i class=\"fas fa-check\" aria-hidden=\"true\"><\/i><span class=\"elementor-icon-list-text\">Ajustare automat\u0103 a sp\u0103tarului<\/span><\/li>\n<li class=\"elementor-icon-list-item\"><i class=\"fas fa-check\" aria-hidden=\"true\"><\/i><span class=\"elementor-icon-list-text\">Cilindru ergonomic pentru picioare<\/span><\/li>\n<li class=\"elementor-icon-list-item\"><i class=\"fas fa-check\" aria-hidden=\"true\"><\/i><span class=\"elementor-icon-list-text\">Setare automat\u0103 a unghiului de start<\/span><\/li>\n<li class=\"elementor-icon-list-item\"><i class=\"fas fa-check\" aria-hidden=\"true\"><\/i><span class=\"elementor-icon-list-text\">Fixare automat\u0103 a picioarelor<\/span><\/li>\n<li class=\"elementor-icon-list-item\"><i class=\"fas fa-check\" aria-hidden=\"true\"><\/i><span class=\"elementor-icon-list-text\">Ajustare automat\u0103 a picioarelor<\/span><\/li>\n<li class=\"elementor-icon-list-item\"><i class=\"fas fa-check\" aria-hidden=\"true\"><\/i><span class=\"elementor-icon-list-text\">Bra\u021b mobil reglabil<\/span><\/li>\n<li class=\"elementor-icon-list-item\"><i class=\"fas fa-check\" aria-hidden=\"true\"><\/i><span class=\"elementor-icon-list-text\">Monitor rotativ de 17 inch<\/span><\/li>\n<li class=\"elementor-icon-list-item\"><i class=\"fas fa-check\" aria-hidden=\"true\"><\/i><span class=\"elementor-icon-list-text\">Amprent\u0103 biometric\u0103<\/span><\/li>\n<\/ul>\n<\/div>\n<h4>DIMENSIUNI: lungime: 130cm \/ l\u0103\u021bime: 130 cm \/ \u00een\u0103l\u021bime: 205 cm<\/h4>\n<h4>SUPRAFA\u021aA DE AMPLASARE: cca. 2m2<\/h4>\n<h4>GREUTATE: 435kg<\/h4>\n<h4>CONSUMUL DE ENERGIE: 3 euro \/ lun\u0103<\/h4>\n<h4>COMPUTER: PC integrat, inclusiv software-ul u\u0219or de controlat \u0219i monitor touchscreen de 17 inch<\/h4>\n<section class=\"has_eae_slider elementor-element elementor-element-4225473 elementor-section-stretched elementor-section-full_width elementor-section-height-default elementor-section-height-default elementor-section elementor-top-section\" data-id=\"4225473\" data-element_type=\"section\" data-settings=\"{&quot;stretch_section&quot;:&quot;section-stretched&quot;,&quot;background_background&quot;:&quot;classic&quot;}\">\n<div class=\"elementor-container elementor-column-gap-default\">\n<div class=\"elementor-row\">\n<div class=\"has_eae_slider elementor-element elementor-element-4c760c4 elementor-column elementor-col-25 elementor-top-column\" data-id=\"4c760c4\" data-element_type=\"column\">\n<div class=\"elementor-column-wrap elementor-element-populated\">\n<div class=\"elementor-widget-wrap\">\n<div class=\"elementor-element elementor-element-7b2d753 elementor-view-default elementor-position-top elementor-vertical-align-top elementor-widget elementor-widget-icon-box\" data-id=\"7b2d753\" data-element_type=\"widget\" data-widget_type=\"icon-box.default\">\n<div class=\"elementor-widget-container\">\n<div class=\"elementor-icon-box-wrapper\">\n<div class=\"elementor-icon-box-content\">\n<h4><\/h4>\n<\/div>\n<\/div>\n<\/div>\n<\/div>\n<\/div>\n<\/div>\n<\/div>\n<\/div>\n<\/div>\n<\/section>\n","protected":false},"featured_media":1066,"template":"","meta":[],"lang":"ro","translations":{"en":1304,"ro":1065},"pll_sync_post":[],"_links":{"self":[{"href":"https:\/\/mkb-system.ro\/index.php\/wp-json\/wp\/v2\/product\/1065"}],"collection":[{"href":"https:\/\/mkb-system.ro\/index.php\/wp-json\/wp\/v2\/product"}],"about":[{"href":"https:\/\/mkb-system.ro\/index.php\/wp-json\/wp\/v2\/types\/product"}],"wp:featuredmedia":[{"embeddable":true,"href":"https:\/\/mkb-system.ro\/index.php\/wp-json\/wp\/v2\/media\/1066"}],"wp:attachment":[{"href":"https:\/\/mkb-system.ro\/index.php\/wp-json\/wp\/v2\/media?parent=1065"}],"curies":[{"name":"wp","href":"https:\/\/api.w.org\/{rel}","templated":true}]}}