{"id":1079,"date":"2020-10-21T23:59:12","date_gmt":"2020-10-21T23:59:12","guid":{"rendered":"https:\/\/mkb-system.ro\/?post_type=product&#038;p=1079"},"modified":"2022-03-15T13:17:04","modified_gmt":"2022-03-15T13:17:04","slug":"c12-dinamometru-isokinetic-pentru-membrele-superioare-inferioare","status":"publish","type":"product","link":"https:\/\/mkb-system.ro\/index.php\/produs\/c12-dinamometru-isokinetic-pentru-membrele-superioare-inferioare\/","title":{"rendered":"C12 Dinamometru Digital Isokinetic pentru membrele superioare \/ inferioare"},"content":{"rendered":"<h4><strong>DINAMOMETRU ISOKINETIC PENTRU MEMBRELE SUPERIOARE \/ INFERIOARE<\/strong><\/h4>\n<h4>cu scripete dublu pentru membrele superioare \u015fi inferioare C12 ofer\u0103 mai mult de 24 de proceduri diferite. Dinamometrul Isokinetic \u00eenglobeaza toate procedurile care se exercit\u0103 \u00een mod\u00a0 liber respectiv\u00a0<strong>flexia\/extensia, abduc\u021bia\/adduc\u021bia\u00a0 &amp; rota\u021bia membrelor superioare \u0219i inferioare.\u00a0 C12<\/strong>\u00a0a fost integrat \u00een conceptul de perfec\u021bionare a sistemului de antrenament \u0219i fiecare centru de reabilitare ar trebui sa fie echipat cu un Dinamometrul Isokinetic multifunc\u021bional.<\/h4>\n<h4>Aspecte importante:<\/h4>\n<div class=\"elementor-container elementor-column-gap-default\">\n<div class=\"elementor-row\">\n<div class=\"has_eae_slider elementor-element elementor-element-2dabe69 elementor-column elementor-col-25 elementor-top-column\" data-id=\"2dabe69\" data-element_type=\"column\">\n<div class=\"elementor-column-wrap elementor-element-populated\">\n<div class=\"elementor-widget-wrap\">\n<div class=\"elementor-element elementor-element-edea0b2 elementor-view-default elementor-position-top elementor-vertical-align-top elementor-widget elementor-widget-icon-box\" data-id=\"edea0b2\" data-element_type=\"widget\" data-widget_type=\"icon-box.default\">\n<div class=\"elementor-widget-container\">\n<div class=\"elementor-icon-box-wrapper\">\n<div class=\"elementor-icon-box-content\">\n<h3 class=\"elementor-icon-box-title\">24 proceduri \u00eentr-un Dinamometru Isokinetic<\/h3>\n<\/div>\n<\/div>\n<\/div>\n<\/div>\n<\/div>\n<\/div>\n<\/div>\n<div class=\"has_eae_slider elementor-element elementor-element-e7506e4 elementor-column elementor-col-25 elementor-top-column\" data-id=\"e7506e4\" data-element_type=\"column\">\n<div class=\"elementor-column-wrap elementor-element-populated\">\n<div class=\"elementor-widget-wrap\">\n<div class=\"elementor-element elementor-element-b1df077 elementor-view-default elementor-position-top elementor-vertical-align-top elementor-widget elementor-widget-icon-box\" data-id=\"b1df077\" data-element_type=\"widget\" data-widget_type=\"icon-box.default\">\n<div class=\"elementor-widget-container\">\n<div class=\"elementor-icon-box-wrapper\">\n<div class=\"elementor-icon-box-icon\"><\/div>\n<div class=\"elementor-icon-box-content\">\n<h3 class=\"elementor-icon-box-title\">3 pozi\u021bii de baz\u0103 posibile (sus\/centru\/jos)<\/h3>\n<\/div>\n<\/div>\n<\/div>\n<\/div>\n<\/div>\n<\/div>\n<\/div>\n<div class=\"has_eae_slider elementor-element elementor-element-20bb72e elementor-column elementor-col-25 elementor-top-column\" data-id=\"20bb72e\" data-element_type=\"column\">\n<div class=\"elementor-column-wrap elementor-element-populated\">\n<div class=\"elementor-widget-wrap\">\n<div class=\"elementor-element elementor-element-ddbc0c9 elementor-view-default elementor-position-top elementor-vertical-align-top elementor-widget elementor-widget-icon-box\" data-id=\"ddbc0c9\" data-element_type=\"widget\" data-widget_type=\"icon-box.default\">\n<div class=\"elementor-widget-container\">\n<div class=\"elementor-icon-box-wrapper\">\n<div class=\"elementor-icon-box-icon\"><\/div>\n<div class=\"elementor-icon-box-content\">\n<h3 class=\"elementor-icon-box-title\">Curea pentru exerci\u021bii pentru picioare<\/h3>\n<\/div>\n<\/div>\n<\/div>\n<\/div>\n<\/div>\n<\/div>\n<\/div>\n<div class=\"has_eae_slider elementor-element elementor-element-f1d1301 elementor-column elementor-col-25 elementor-top-column\" data-id=\"f1d1301\" data-element_type=\"column\">\n<div class=\"elementor-column-wrap elementor-element-populated\">\n<div class=\"elementor-widget-wrap\">\n<div class=\"elementor-element elementor-element-3095005 elementor-view-default elementor-position-top elementor-vertical-align-top elementor-widget elementor-widget-icon-box\" data-id=\"3095005\" data-element_type=\"widget\" data-widget_type=\"icon-box.default\">\n<div class=\"elementor-widget-container\">\n<div class=\"elementor-icon-box-wrapper\">\n<div class=\"elementor-icon-box-icon\"><\/div>\n<div class=\"elementor-icon-box-content\">\n<h3 class=\"elementor-icon-box-title\">Dispozitiv de pretentionare<\/h3>\n<\/div>\n<\/div>\n<\/div>\n<\/div>\n<\/div>\n<\/div>\n<\/div>\n<\/div>\n<\/div>\n<section class=\"has_eae_slider elementor-element elementor-element-4225473 elementor-section-stretched elementor-section-full_width elementor-section-height-default elementor-section-height-default elementor-section elementor-top-section\" data-id=\"4225473\" data-element_type=\"section\" data-settings=\"{&quot;stretch_section&quot;:&quot;section-stretched&quot;,&quot;background_background&quot;:&quot;classic&quot;}\">\n<div class=\"elementor-container elementor-column-gap-default\">\n<div class=\"elementor-row\">\n<div class=\"elementor-column-wrap elementor-element-populated\">\n<div class=\"elementor-widget-wrap\">\n<div class=\"elementor-element elementor-element-aa42f6b elementor-view-default elementor-position-top elementor-vertical-align-top elementor-widget elementor-widget-icon-box\" data-id=\"aa42f6b\" data-element_type=\"widget\" data-widget_type=\"icon-box.default\">\n<div class=\"elementor-widget-container\">\n<div class=\"elementor-icon-box-wrapper\">\n<div class=\"elementor-icon-box-icon\"><\/div>\n<div class=\"elementor-icon-box-content\">\n<h3 class=\"elementor-icon-box-title\">Scannere pentru amprente digitale<\/h3>\n<\/div>\n<\/div>\n<\/div>\n<\/div>\n<\/div>\n<\/div>\n<div class=\"elementor-column-wrap elementor-element-populated\">\n<div class=\"elementor-widget-wrap\">\n<div class=\"elementor-element elementor-element-7b2d753 elementor-view-default elementor-position-top elementor-vertical-align-top elementor-widget elementor-widget-icon-box\" data-id=\"7b2d753\" data-element_type=\"widget\" data-widget_type=\"icon-box.default\">\n<div class=\"elementor-widget-container\">\n<div class=\"elementor-icon-box-wrapper\">\n<div class=\"elementor-icon-box-icon\"><\/div>\n<div class=\"elementor-icon-box-content\">\n<h3 class=\"elementor-icon-box-title\">Sistem inteligent de m\u0103surare a procedurilor<\/h3>\n<\/div>\n<\/div>\n<\/div>\n<\/div>\n<\/div>\n<\/div>\n<div class=\"elementor-column-wrap elementor-element-populated\">\n<div class=\"elementor-widget-wrap\">\n<div class=\"elementor-element elementor-element-87f4ef5 elementor-view-default elementor-position-top elementor-vertical-align-top elementor-widget elementor-widget-icon-box\" data-id=\"87f4ef5\" data-element_type=\"widget\" data-widget_type=\"icon-box.default\">\n<div class=\"elementor-widget-container\">\n<div class=\"elementor-icon-box-wrapper\">\n<div class=\"elementor-icon-box-icon\"><\/div>\n<div class=\"elementor-icon-box-content\">\n<h3 class=\"elementor-icon-box-title\">Monitor rotativ de 17 inch<\/h3>\n<\/div>\n<\/div>\n<\/div>\n<\/div>\n<\/div>\n<\/div>\n<div class=\"has_eae_slider elementor-element elementor-element-4c760c4 elementor-column elementor-col-25 elementor-top-column\" data-id=\"4c760c4\" data-element_type=\"column\">\n<div class=\"elementor-column-wrap elementor-element-populated\">\n<div class=\"elementor-widget-wrap\">\n<div class=\"elementor-element elementor-element-4759cb5 elementor-view-default elementor-position-top elementor-vertical-align-top elementor-widget elementor-widget-icon-box\" data-id=\"4759cb5\" data-element_type=\"widget\" data-widget_type=\"icon-box.default\">\n<div class=\"elementor-widget-container\">\n<div class=\"elementor-icon-box-wrapper\">\n<h4 class=\"elementor-icon-box-icon\"><\/h4>\n<div class=\"elementor-icon-box-content\">\n<h4 class=\"elementor-icon-box-title\">Bra\u021be reglabile automat<\/h4>\n<\/div>\n<\/div>\n<\/div>\n<\/div>\n<\/div>\n<\/div>\n<\/div>\n<\/div>\n<\/div>\n<\/section>\n","protected":false},"excerpt":{"rendered":"<div class=\"elementor-element elementor-element-88c5b22 elementor-widget elementor-widget-heading\" data-id=\"88c5b22\" data-element_type=\"widget\" data-widget_type=\"heading.default\">\n<div class=\"elementor-widget-container\">\n<h4 class=\"elementor-heading-title elementor-size-default\"><strong>Proceduri complet automatizate &#8211; reglaje \u0219i fix\u0103ri<\/strong><\/h4>\n<\/div>\n<\/div>\n<div class=\"elementor-widget-container\">\n<ul class=\"elementor-icon-list-items\">\n<li class=\"elementor-icon-list-item\"><strong><i class=\"fas fa-check\" aria-hidden=\"true\"><\/i><span class=\"elementor-icon-list-text\">Reglare automat\u0103 a sarcinii de lucru \u0219i dispozitiv de pretensionare a greut\u0103\u021bii patentat MKB-System<\/span><\/strong><\/li>\n<li class=\"elementor-icon-list-item\"><strong><i class=\"fas fa-check\" aria-hidden=\"true\"><\/i><span class=\"elementor-icon-list-text\">Bra\u021b reglabil, include monitor touchscreen de 17 inch<\/span><\/strong><\/li>\n<li class=\"elementor-icon-list-item\"><strong><i class=\"fas fa-check\" aria-hidden=\"true\"><\/i><span class=\"elementor-icon-list-text\">Bra\u021be de antrenament, reglabile automat<\/span><\/strong><\/li>\n<li class=\"elementor-icon-list-item\"><strong><i class=\"fas fa-check\" aria-hidden=\"true\"><\/i><span class=\"elementor-icon-list-text\">Bra\u021bul reglabil se ajusteaz\u0103 \u00een pozi\u021bia dorit\u0103<\/span><\/strong><\/li>\n<li class=\"elementor-icon-list-item\"><strong><i class=\"fas fa-check\" aria-hidden=\"true\"><\/i><span class=\"elementor-icon-list-text\">Amprent\u0103 biometric\u0103<\/span><\/strong><\/li>\n<\/ul>\n<\/div>\n<h4><strong>DIMENSIUNI: lungime: 90cm \/ l\u0103\u021bime: 90cm \/ \u00een\u0103l\u021bime: 200cm<\/strong><\/h4>\n<h4><strong>SUPRAFA\u021aA DE AMPLASARE: cca. 1m2<\/strong><\/h4>\n<h4><strong>GREUTATE: 200kg<\/strong><\/h4>\n<h4><strong>CONSUMUL DE ENERGIE: 3 euro \/ lun\u0103<\/strong><\/h4>\n<h4><strong>COMPUTER: PC integrat, inclusiv software-ul u\u0219or de controlat \u0219i monitor touchscreen de 17 inch\u00a0<\/strong><\/h4>\n<section class=\"has_eae_slider elementor-element elementor-element-4225473 elementor-section-stretched elementor-section-full_width elementor-section-height-default elementor-section-height-default elementor-section elementor-top-section\" data-id=\"4225473\" data-element_type=\"section\" data-settings=\"{&quot;stretch_section&quot;:&quot;section-stretched&quot;,&quot;background_background&quot;:&quot;classic&quot;}\">\n<div class=\"elementor-container elementor-column-gap-default\">\n<div class=\"elementor-row\">\n<div class=\"has_eae_slider elementor-element elementor-element-4c760c4 elementor-column elementor-col-25 elementor-top-column\" data-id=\"4c760c4\" data-element_type=\"column\">\n<div class=\"elementor-column-wrap elementor-element-populated\">\n<div class=\"elementor-widget-wrap\">\n<div class=\"elementor-element elementor-element-4759cb5 elementor-view-default elementor-position-top elementor-vertical-align-top elementor-widget elementor-widget-icon-box\" data-id=\"4759cb5\" data-element_type=\"widget\" data-widget_type=\"icon-box.default\">\n<div class=\"elementor-widget-container\">\n<div class=\"elementor-icon-box-wrapper\">\n<div class=\"elementor-icon-box-content\">\n<h4 class=\"elementor-icon-box-title\"><\/h4>\n<\/div>\n<\/div>\n<\/div>\n<\/div>\n<\/div>\n<\/div>\n<\/div>\n<\/div>\n<\/div>\n<\/section>\n","protected":false},"featured_media":1080,"template":"","meta":[],"lang":"ro","translations":{"en":1299,"ro":1079},"pll_sync_post":[],"_links":{"self":[{"href":"https:\/\/mkb-system.ro\/index.php\/wp-json\/wp\/v2\/product\/1079"}],"collection":[{"href":"https:\/\/mkb-system.ro\/index.php\/wp-json\/wp\/v2\/product"}],"about":[{"href":"https:\/\/mkb-system.ro\/index.php\/wp-json\/wp\/v2\/types\/product"}],"wp:featuredmedia":[{"embeddable":true,"href":"https:\/\/mkb-system.ro\/index.php\/wp-json\/wp\/v2\/media\/1080"}],"wp:attachment":[{"href":"https:\/\/mkb-system.ro\/index.php\/wp-json\/wp\/v2\/media?parent=1079"}],"curies":[{"name":"wp","href":"https:\/\/api.w.org\/{rel}","templated":true}]}}