{"id":1318,"date":"2020-11-12T09:08:33","date_gmt":"2020-11-12T09:08:33","guid":{"rendered":"https:\/\/mkb-system.ro\/?post_type=product&#038;p=1318"},"modified":"2022-03-15T13:15:01","modified_gmt":"2022-03-15T13:15:01","slug":"c5-isokinetic-dynamometer-for-the-scapulo-humeral-belt","status":"publish","type":"product","link":"https:\/\/mkb-system.ro\/index.php\/en\/produs\/c5-isokinetic-dynamometer-for-the-scapulo-humeral-belt\/","title":{"rendered":"C5 Digital Isokinetic dynamometer for the scapulo &#8211; humeral belt"},"content":{"rendered":"<section class=\"has_eae_slider elementor-element elementor-element-f1cdcd6 elementor-section-stretched elementor-section-full_width elementor-section-height-default elementor-section-height-default elementor-section elementor-top-section\" data-id=\"f1cdcd6\" data-element_type=\"section\" data-settings=\"{&quot;stretch_section&quot;:&quot;section-stretched&quot;,&quot;background_background&quot;:&quot;classic&quot;}\">\n<div class=\"elementor-container elementor-column-gap-default\">\n<div class=\"elementor-row\">\n<div class=\"has_eae_slider elementor-element elementor-element-c289172 elementor-column elementor-col-25 elementor-top-column\" data-id=\"c289172\" data-element_type=\"column\">\n<div class=\"elementor-column-wrap elementor-element-populated\">\n<div class=\"elementor-widget-wrap\">\n<div class=\"elementor-element elementor-element-b944795 elementor-view-default elementor-position-top elementor-vertical-align-top elementor-widget elementor-widget-icon-box\" data-id=\"b944795\" data-element_type=\"widget\" data-widget_type=\"icon-box.default\">\n<div class=\"elementor-widget-container\">\n<div class=\"elementor-icon-box-wrapper\">\n<div class=\"elementor-icon-box-content\">\n<h4><strong>DINAMOMETRUL ISOKINETIC\u00a0<\/strong><\/h4>\n<h4>pentru\u00a0 centura scapulo-humeral\u0103 ofer\u0103 patru tipuri de proceduri diferite respectiv\u00a0<strong>cobor\u00e2rea\/ridicarea scapulei &amp; coborarea\/ridicarea centurii scapulo-humerale .<\/strong><\/h4>\n<h4><img loading=\"lazy\" class=\"alignnone size-medium wp-image-1038\" src=\"https:\/\/mkb-system.ro\/wp-content\/uploads\/2020\/10\/Untitled-design-32-300x300.png\" alt=\"\" width=\"300\" height=\"300\" srcset=\"https:\/\/mkb-system.ro\/wp-content\/uploads\/2020\/10\/Untitled-design-32-300x300.png 300w, https:\/\/mkb-system.ro\/wp-content\/uploads\/2020\/10\/Untitled-design-32-150x150.png 150w, https:\/\/mkb-system.ro\/wp-content\/uploads\/2020\/10\/Untitled-design-32-100x100.png 100w, https:\/\/mkb-system.ro\/wp-content\/uploads\/2020\/10\/Untitled-design-32.png 500w\" sizes=\"(max-width: 300px) 100vw, 300px\" \/><\/h4>\n<h4>Procedurile pot fi pornite din diferite unghiuri. \u00cenainte de \u00eenceperea procedurii pacientul va fi pozi\u021bionat cu flexia coapsei pe bazin la 90\u00b0 si flexia genunchiului la 90\u00b0.<\/h4>\n<h4><strong>Aspecte Importante:<\/strong><\/h4>\n<h4><strong>5 set\u0103ri \u0219i fix\u0103ri pentru o postur\u0103 corect\u0103<\/strong><\/h4>\n<\/div>\n<\/div>\n<\/div>\n<\/div>\n<\/div>\n<\/div>\n<\/div>\n<div class=\"elementor-widget-container\">\n<div class=\"elementor-icon-box-wrapper\">\n<div class=\"elementor-icon-box-icon\"><strong>3 proceduri \u00eentr-un singur dinamometru isokinetic<\/strong><\/div>\n<\/div>\n<\/div>\n<div class=\"elementor-widget-container\">\n<div class=\"elementor-icon-box-wrapper\">\n<div class=\"elementor-icon-box-icon\"><strong>Perne ergonomice din spum\u0103 special\u0103 pentru a preveni echimozele<\/strong><\/div>\n<\/div>\n<\/div>\n<div class=\"elementor-widget-container\">\n<div class=\"elementor-icon-box-wrapper\">\n<div class=\"elementor-icon-box-icon\"><strong>Protec\u021bie pentru umeri \u0219i bra\u021be la nivelul coloanei vertebrale \u0219i a um\u0103rului<\/strong><\/div>\n<div class=\"elementor-icon-box-icon\"><strong>Pern\u0103 pentru cap pentru stabilizarea coloanei verticale cervicale<\/strong><\/div>\n<\/div>\n<\/div>\n<\/div>\n<\/div>\n<\/section>\n<div class=\"elementor-container elementor-column-gap-default\">\n<div class=\"elementor-row\">\n<div class=\"elementor-widget-wrap\">\n<div class=\"elementor-element elementor-element-3e3eaa8 elementor-view-default elementor-position-top elementor-vertical-align-top elementor-widget elementor-widget-icon-box\" data-id=\"3e3eaa8\" data-element_type=\"widget\" data-widget_type=\"icon-box.default\">\n<div class=\"elementor-widget-container\">\n<div class=\"elementor-icon-box-wrapper\">\n<div class=\"elementor-icon-box-icon\"><strong>Dispozitiv de pretentionarea greut\u0103\u021bilor<\/strong><\/div>\n<\/div>\n<\/div>\n<\/div>\n<\/div>\n<div class=\"elementor-widget-wrap\">\n<div class=\"elementor-element elementor-element-66de7e6 elementor-view-default elementor-position-top elementor-vertical-align-top elementor-widget elementor-widget-icon-box\" data-id=\"66de7e6\" data-element_type=\"widget\" data-widget_type=\"icon-box.default\">\n<div class=\"elementor-widget-container\">\n<div class=\"elementor-icon-box-wrapper\">\n<div class=\"elementor-icon-box-icon\"><strong>Scanner de amprente<\/strong><\/div>\n<\/div>\n<\/div>\n<\/div>\n<\/div>\n<\/div>\n<\/div>\n","protected":false},"excerpt":{"rendered":"<section class=\"has_eae_slider elementor-element elementor-element-f1cdcd6 elementor-section-stretched elementor-section-full_width elementor-section-height-default elementor-section-height-default elementor-section elementor-top-section\" data-id=\"f1cdcd6\" data-element_type=\"section\" data-settings=\"{&quot;stretch_section&quot;:&quot;section-stretched&quot;,&quot;background_background&quot;:&quot;classic&quot;}\">\n<div class=\"elementor-container elementor-column-gap-default\">\n<div class=\"elementor-row\">\n<div class=\"has_eae_slider elementor-element elementor-element-c289172 elementor-column elementor-col-25 elementor-top-column\" data-id=\"c289172\" data-element_type=\"column\">\n<div class=\"elementor-column-wrap elementor-element-populated\">\n<div class=\"elementor-widget-wrap\">\n<div class=\"elementor-element elementor-element-b944795 elementor-view-default elementor-position-top elementor-vertical-align-top elementor-widget elementor-widget-icon-box\" data-id=\"b944795\" data-element_type=\"widget\" data-widget_type=\"icon-box.default\">\n<div class=\"elementor-widget-container\">\n<div class=\"elementor-icon-box-wrapper\">\n<div class=\"elementor-icon-box-content\">\n<h4 class=\"elementor-heading-title elementor-size-default\">Fully automated procedures &#8211; adjustments and fixings<\/h4>\n<ul>\n<li class=\"elementor-heading-title elementor-size-default\"><strong>Automatic workload adjustment and MKB-System patented weight pretensioner<\/strong><\/li>\n<li class=\"elementor-heading-title elementor-size-default\"><strong>Different possibilities for maneuvering the handles<\/strong><\/li>\n<li class=\"elementor-heading-title elementor-size-default\"><strong>Weight compensation<\/strong><\/li>\n<li class=\"elementor-heading-title elementor-size-default\"><strong>Ergonomic cushions for CVC and back<\/strong><\/li>\n<li class=\"elementor-heading-title elementor-size-default\"><strong>Different grip options for engaging different muscle groups<\/strong><\/li>\n<li class=\"elementor-heading-title elementor-size-default\"><strong>Fully automatic seat height adjustment<\/strong><\/li>\n<li class=\"elementor-heading-title elementor-size-default\"><strong>Additional leg support<\/strong><\/li>\n<li class=\"elementor-heading-title elementor-size-default\"><strong>Additional pedal for adjusting the upper handles (climbing aid)<\/strong><\/li>\n<li class=\"elementor-heading-title elementor-size-default\"><strong>17 inch rotary monitor<\/strong><\/li>\n<li class=\"elementor-heading-title elementor-size-default\"><strong>Biometric fingerprint<\/strong><\/li>\n<\/ul>\n<h4 class=\"elementor-heading-title elementor-size-default\">DIMENSIONS: length: 230 cm \/ width: 150 cm \/ height: 205 cm<br \/>\nLOCATION AREA: approx. 4m2<br \/>\nWEIGHT: 550 kg<br \/>\nENERGY CONSUMPTION: 3 euro \/ month<br \/>\nCOMPUTER: Integrated PC, including easy-to-control software and 17-inch touchscreen monitor<\/h4>\n<\/div>\n<\/div>\n<\/div>\n<\/div>\n<\/div>\n<\/div>\n<\/div>\n<\/div>\n<\/div>\n<\/section>\n<div class=\"elementor-container elementor-column-gap-default\">\n<div class=\"elementor-row\">\n<div class=\"elementor-widget-wrap\">\n<div class=\"elementor-element elementor-element-66de7e6 elementor-view-default elementor-position-top elementor-vertical-align-top elementor-widget elementor-widget-icon-box\" data-id=\"66de7e6\" data-element_type=\"widget\" data-widget_type=\"icon-box.default\">\n<div class=\"elementor-widget-container\">\n<div class=\"elementor-icon-box-wrapper\">\n<div class=\"elementor-icon-box-icon\"><\/div>\n<\/div>\n<\/div>\n<\/div>\n<\/div>\n<div class=\"has_eae_slider elementor-element elementor-element-6dd2308 elementor-column elementor-col-25 elementor-top-column\" data-id=\"6dd2308\" data-element_type=\"column\">\n<div class=\"elementor-column-wrap elementor-element-populated\">\n<div class=\"elementor-widget-wrap\">\n<div class=\"elementor-element elementor-element-9bef395 elementor-view-default elementor-position-top elementor-vertical-align-top elementor-widget elementor-widget-icon-box\" data-id=\"9bef395\" data-element_type=\"widget\" data-widget_type=\"icon-box.default\">\n<div class=\"elementor-widget-container\">\n<div class=\"elementor-icon-box-wrapper\">\n<h4><\/h4>\n<\/div>\n<\/div>\n<\/div>\n<\/div>\n<\/div>\n<\/div>\n<\/div>\n<\/div>\n","protected":false},"featured_media":1037,"template":"","meta":[],"lang":"en","translations":{"ro":1036,"en":1318},"pll_sync_post":[],"_links":{"self":[{"href":"https:\/\/mkb-system.ro\/index.php\/wp-json\/wp\/v2\/product\/1318"}],"collection":[{"href":"https:\/\/mkb-system.ro\/index.php\/wp-json\/wp\/v2\/product"}],"about":[{"href":"https:\/\/mkb-system.ro\/index.php\/wp-json\/wp\/v2\/types\/product"}],"wp:featuredmedia":[{"embeddable":true,"href":"https:\/\/mkb-system.ro\/index.php\/wp-json\/wp\/v2\/media\/1037"}],"wp:attachment":[{"href":"https:\/\/mkb-system.ro\/index.php\/wp-json\/wp\/v2\/media?parent=1318"}],"curies":[{"name":"wp","href":"https:\/\/api.w.org\/{rel}","templated":true}]}}