{"id":1557,"date":"2020-12-03T19:20:37","date_gmt":"2020-12-03T19:20:37","guid":{"rendered":"https:\/\/mkb-system.ro\/?post_type=product&#038;p=1557"},"modified":"2020-12-03T19:29:58","modified_gmt":"2020-12-03T19:29:58","slug":"r1000-masa-inclinata-kinetoterapie-divizata-in-doua-parti","status":"publish","type":"product","link":"https:\/\/mkb-system.ro\/index.php\/produs\/r1000-masa-inclinata-kinetoterapie-divizata-in-doua-parti\/","title":{"rendered":"R1000 Mas\u0103 inclinat\u0103 kinetoterapie divizat\u0103 \u00een dou\u0103 p\u0103r\u0163i"},"content":{"rendered":"","protected":false},"excerpt":{"rendered":"<h4><\/h4>\n<p>&nbsp;<\/p>\n","protected":false},"featured_media":1558,"template":"","meta":[],"lang":"ro","translations":{"ro":1557},"pll_sync_post":[],"_links":{"self":[{"href":"https:\/\/mkb-system.ro\/index.php\/wp-json\/wp\/v2\/product\/1557"}],"collection":[{"href":"https:\/\/mkb-system.ro\/index.php\/wp-json\/wp\/v2\/product"}],"about":[{"href":"https:\/\/mkb-system.ro\/index.php\/wp-json\/wp\/v2\/types\/product"}],"wp:featuredmedia":[{"embeddable":true,"href":"https:\/\/mkb-system.ro\/index.php\/wp-json\/wp\/v2\/media\/1558"}],"wp:attachment":[{"href":"https:\/\/mkb-system.ro\/index.php\/wp-json\/wp\/v2\/media?parent=1557"}],"curies":[{"name":"wp","href":"https:\/\/api.w.org\/{rel}","templated":true}]}}