{"id":1559,"date":"2020-12-03T19:31:45","date_gmt":"2020-12-03T19:31:45","guid":{"rendered":"https:\/\/mkb-system.ro\/?post_type=product&#038;p=1559"},"modified":"2020-12-03T19:32:57","modified_gmt":"2020-12-03T19:32:57","slug":"r2000-banca-pentru-exercitii-divizata-in-trei-parti","status":"publish","type":"product","link":"https:\/\/mkb-system.ro\/index.php\/produs\/r2000-banca-pentru-exercitii-divizata-in-trei-parti\/","title":{"rendered":"R2000 Banc\u0103 pentru exerci\u0163ii divizat\u0103 \u00een trei p\u0103r\u0163i"},"content":{"rendered":"","protected":false},"excerpt":{"rendered":"<h4><\/h4>\n<p>&nbsp;<\/p>\n","protected":false},"featured_media":1514,"template":"","meta":[],"lang":"ro","translations":{"ro":1559},"pll_sync_post":[],"_links":{"self":[{"href":"https:\/\/mkb-system.ro\/index.php\/wp-json\/wp\/v2\/product\/1559"}],"collection":[{"href":"https:\/\/mkb-system.ro\/index.php\/wp-json\/wp\/v2\/product"}],"about":[{"href":"https:\/\/mkb-system.ro\/index.php\/wp-json\/wp\/v2\/types\/product"}],"wp:featuredmedia":[{"embeddable":true,"href":"https:\/\/mkb-system.ro\/index.php\/wp-json\/wp\/v2\/media\/1514"}],"wp:attachment":[{"href":"https:\/\/mkb-system.ro\/index.php\/wp-json\/wp\/v2\/media?parent=1559"}],"curies":[{"name":"wp","href":"https:\/\/api.w.org\/{rel}","templated":true}]}}