{"id":941,"date":"2020-10-21T21:16:31","date_gmt":"2020-10-21T21:16:31","guid":{"rendered":"https:\/\/mkb-system.ro\/?post_type=product&#038;p=941"},"modified":"2020-12-09T10:51:08","modified_gmt":"2020-12-09T10:51:08","slug":"r32-masina-isokinetica-pentru-coloana-cervicala-flexia-extensia-inclinarea-capului-si-gatului","status":"publish","type":"product","link":"https:\/\/mkb-system.ro\/index.php\/produs\/r32-masina-isokinetica-pentru-coloana-cervicala-flexia-extensia-inclinarea-capului-si-gatului\/","title":{"rendered":"R32 Ma\u015fin\u0103 isokinetic\u0103 pentru coloana cervicala  Flexia\/ Extensia\/ \u00cenclinarea capului \u015fi g\u00e2tului"},"content":{"rendered":"<h4 class=\"title\"><span class=\"lead\">COLOANA<\/span>\u00a0CERVICAL\u0102<\/h4>\n<h4>FLEXIA \/ EXTENSIA \/ \u00ceNCLINAREA CAPULUI \u015eI G\u00c2TULUI<\/h4>\n<p><img loading=\"lazy\" class=\"alignnone wp-image-1180 size-medium\" src=\"https:\/\/mkb-system.ro\/wp-content\/uploads\/2020\/10\/Untitled-design-13-300x300-1-300x300.png\" alt=\"\" width=\"300\" height=\"300\" srcset=\"https:\/\/mkb-system.ro\/wp-content\/uploads\/2020\/10\/Untitled-design-13-300x300-1.png 300w, https:\/\/mkb-system.ro\/wp-content\/uploads\/2020\/10\/Untitled-design-13-300x300-1-150x150.png 150w, https:\/\/mkb-system.ro\/wp-content\/uploads\/2020\/10\/Untitled-design-13-300x300-1-100x100.png 100w\" sizes=\"(max-width: 300px) 100vw, 300px\" \/><\/p>\n<h4><strong>MU\u015eCHI PRINCIPALI<\/strong>: STERNOCLEIDOMASTOIDIAN, SCALENI<br \/>\n<strong>MU\u015eCHII ACCESORI<\/strong>: LUNGUL G\u00c2TULUI<\/h4>\n<h3>Proceduri:<\/h3>\n<p><img loading=\"lazy\" class=\"alignnone size-medium wp-image-943\" src=\"https:\/\/mkb-system.ro\/wp-content\/uploads\/2020\/10\/Untitled-design-14-300x300.png\" alt=\"\" width=\"300\" height=\"300\" srcset=\"https:\/\/mkb-system.ro\/wp-content\/uploads\/2020\/10\/Untitled-design-14-300x300.png 300w, https:\/\/mkb-system.ro\/wp-content\/uploads\/2020\/10\/Untitled-design-14-150x150.png 150w, https:\/\/mkb-system.ro\/wp-content\/uploads\/2020\/10\/Untitled-design-14-100x100.png 100w, https:\/\/mkb-system.ro\/wp-content\/uploads\/2020\/10\/Untitled-design-14.png 500w\" sizes=\"(max-width: 300px) 100vw, 300px\" \/><\/p>\n<h4>Aceast\u0103 ma\u0219in\u0103 isokinetic\u0103 inovatoare face mu\u0219chii din zona coloanei cervicale, foarte greu de lucrat, accesibili tratamentului.<\/h4>\n<h4>Aceasta poate fi folosit\u0103 pe tot parcursul procesului de reabilitare, \u00eenc\u0103 din faza incipient\u0103.<\/h4>\n<h4>Axa de mi\u0219care a ma\u0219inii poate fi reglat\u0103 la regiunea dorit\u0103 a coloanei vertebrale cervicale.<\/h4>\n<h4>Limitatoarele de mi\u0219care permit izolarea tuturor celor 4 direc\u021bii de mi\u0219care (extensie, flexie, \u00eenclinare st\u00e2nga\/ dreapta).<\/h4>\n<h4>Rezisten\u021ba poate fi setat\u0103 separat pentru fiecare direc\u021bie.<\/h4>\n","protected":false},"excerpt":{"rendered":"<h4>GREUTATE TOTAL\u0102: 150 KG<\/h4>\n<h4>DIMENSIUNI \u00ceN STARE PASIV\u0102:<br \/>\nL-160 X L-125 X H-170 CM<\/h4>\n<h4>DIMENSIUNI \u00ceN STARE ACTIV\u0102:<br \/>\nL-180 X L-135 X H-170 CM<\/h4>\n<h4>SARCINA PE PL\u0102CI: AJUSTABIL\u0102<\/h4>\n<h4><\/h4>\n","protected":false},"featured_media":1471,"template":"","meta":[],"lang":"ro","translations":{"ro":941,"en":1337},"pll_sync_post":[],"_links":{"self":[{"href":"https:\/\/mkb-system.ro\/index.php\/wp-json\/wp\/v2\/product\/941"}],"collection":[{"href":"https:\/\/mkb-system.ro\/index.php\/wp-json\/wp\/v2\/product"}],"about":[{"href":"https:\/\/mkb-system.ro\/index.php\/wp-json\/wp\/v2\/types\/product"}],"wp:featuredmedia":[{"embeddable":true,"href":"https:\/\/mkb-system.ro\/index.php\/wp-json\/wp\/v2\/media\/1471"}],"wp:attachment":[{"href":"https:\/\/mkb-system.ro\/index.php\/wp-json\/wp\/v2\/media?parent=941"}],"curies":[{"name":"wp","href":"https:\/\/api.w.org\/{rel}","templated":true}]}}