{"id":945,"date":"2020-10-21T21:25:04","date_gmt":"2020-10-21T21:25:04","guid":{"rendered":"https:\/\/mkb-system.ro\/?post_type=product&#038;p=945"},"modified":"2020-12-09T10:50:59","modified_gmt":"2020-12-09T10:50:59","slug":"r31-masina-isokinetica-pentru-coloana-dorso-lombara-flexia-trunchiului","status":"publish","type":"product","link":"https:\/\/mkb-system.ro\/index.php\/produs\/r31-masina-isokinetica-pentru-coloana-dorso-lombara-flexia-trunchiului\/","title":{"rendered":"R31 Ma\u015fin\u0103 isokinetic\u0103 pentru coloana toracic\u0103 Flexia trunchiului"},"content":{"rendered":"<h4>FLEXIA TRUNCHIULUI<\/h4>\n<p><img loading=\"lazy\" class=\"alignnone size-medium wp-image-946\" src=\"https:\/\/mkb-system.ro\/wp-content\/uploads\/2020\/10\/Untitled-design-15-300x300.png\" alt=\"\" width=\"300\" height=\"300\" srcset=\"https:\/\/mkb-system.ro\/wp-content\/uploads\/2020\/10\/Untitled-design-15-300x300.png 300w, https:\/\/mkb-system.ro\/wp-content\/uploads\/2020\/10\/Untitled-design-15-150x150.png 150w, https:\/\/mkb-system.ro\/wp-content\/uploads\/2020\/10\/Untitled-design-15-100x100.png 100w, https:\/\/mkb-system.ro\/wp-content\/uploads\/2020\/10\/Untitled-design-15.png 500w\" sizes=\"(max-width: 300px) 100vw, 300px\" \/><\/p>\n<h4><strong>MU\u015eCHI PRINCIPALI<\/strong>: DREP\u0162II ABDOMINALI, TRANSVERSUL<\/h4>\n<h4><strong>MU\u015eCHI ACCESORI:\u00a0<\/strong>OBLICII ABDOMINALI<\/h4>\n<h3>Proceduri:<\/h3>\n<h4><img loading=\"lazy\" class=\"alignnone size-medium wp-image-947\" src=\"https:\/\/mkb-system.ro\/wp-content\/uploads\/2020\/10\/Untitled-design-16-300x300.png\" alt=\"\" width=\"300\" height=\"300\" srcset=\"https:\/\/mkb-system.ro\/wp-content\/uploads\/2020\/10\/Untitled-design-16-300x300.png 300w, https:\/\/mkb-system.ro\/wp-content\/uploads\/2020\/10\/Untitled-design-16-150x150.png 150w, https:\/\/mkb-system.ro\/wp-content\/uploads\/2020\/10\/Untitled-design-16-100x100.png 100w, https:\/\/mkb-system.ro\/wp-content\/uploads\/2020\/10\/Untitled-design-16.png 500w\" sizes=\"(max-width: 300px) 100vw, 300px\" \/><\/h4>\n<h4>Aceast\u0103 ma\u0219in\u0103 isokinetic\u0103 le permite chiar \u0219i pacien\u021bilor cu probleme la coloana cervical\u0103 s\u0103 lucreze mu\u0219chii abdominali f\u0103r\u0103 niciun risc deoarece capul este bine sprijinit de pern\u0103 pe toat\u0103 durata mi\u0219c\u0103rii.<\/h4>\n<h4>Mu\u0219chii abdomenului inferior \u0219i superior, drep\u0163ii abdominali, transversul \u0219i oblicii abdominali pot fi lucra\u021bi la un nivel de precizie f\u0103r\u0103 precedent.<\/h4>\n","protected":false},"excerpt":{"rendered":"<h4>DIMENSIUNI STARE PASIV\u0102: 190 X 134 X 196 CM<\/h4>\n<h4>DIMENSIUNE STARE ACTIV\u0102: 250 X 134 X 196 CM<\/h4>\n<h4>SARCINA PE PL\u0102CI:10 X 3+10 X 5 KG GREUTATE TOTAL\u0102: 400 KG<\/h4>\n<h4><\/h4>\n","protected":false},"featured_media":948,"template":"","meta":[],"lang":"ro","translations":{"ro":945,"en":1336},"pll_sync_post":[],"_links":{"self":[{"href":"https:\/\/mkb-system.ro\/index.php\/wp-json\/wp\/v2\/product\/945"}],"collection":[{"href":"https:\/\/mkb-system.ro\/index.php\/wp-json\/wp\/v2\/product"}],"about":[{"href":"https:\/\/mkb-system.ro\/index.php\/wp-json\/wp\/v2\/types\/product"}],"wp:featuredmedia":[{"embeddable":true,"href":"https:\/\/mkb-system.ro\/index.php\/wp-json\/wp\/v2\/media\/948"}],"wp:attachment":[{"href":"https:\/\/mkb-system.ro\/index.php\/wp-json\/wp\/v2\/media?parent=945"}],"curies":[{"name":"wp","href":"https:\/\/api.w.org\/{rel}","templated":true}]}}