{"id":949,"date":"2020-10-21T21:32:51","date_gmt":"2020-10-21T21:32:51","guid":{"rendered":"https:\/\/mkb-system.ro\/?post_type=product&#038;p=949"},"modified":"2020-12-09T10:50:45","modified_gmt":"2020-12-09T10:50:45","slug":"r17-masina-isokinetica-pentru-coloana-dorso-lombara-inclinarea-trunchiului","status":"publish","type":"product","link":"https:\/\/mkb-system.ro\/index.php\/produs\/r17-masina-isokinetica-pentru-coloana-dorso-lombara-inclinarea-trunchiului\/","title":{"rendered":"R17 Ma\u015fin\u0103 isokinetic\u0103 pentru coloana toracic\u0103 \u00cenclinarea trunchiului"},"content":{"rendered":"<h4 class=\"title\"><span class=\"lead\">COLOANA<\/span>\u00a0DORSO &#8211; LOMBAR\u0102<\/h4>\n<h4>\u00ceNCLINAREA TRUNCHIULUI<\/h4>\n<h4><img loading=\"lazy\" class=\"alignnone size-medium wp-image-951\" src=\"https:\/\/mkb-system.ro\/wp-content\/uploads\/2020\/10\/Untitled-design-17-300x300.png\" alt=\"\" width=\"300\" height=\"300\" srcset=\"https:\/\/mkb-system.ro\/wp-content\/uploads\/2020\/10\/Untitled-design-17-300x300.png 300w, https:\/\/mkb-system.ro\/wp-content\/uploads\/2020\/10\/Untitled-design-17-150x150.png 150w, https:\/\/mkb-system.ro\/wp-content\/uploads\/2020\/10\/Untitled-design-17-100x100.png 100w, https:\/\/mkb-system.ro\/wp-content\/uploads\/2020\/10\/Untitled-design-17.png 500w\" sizes=\"(max-width: 300px) 100vw, 300px\" \/><\/h4>\n<h4><strong>MU\u015eCHI PRINCIPALI:\u00a0<\/strong>OBLICII INTERNI \u015eI EXTERNI ABDOMINALI<\/h4>\n<h4><strong>MU\u015eCHI ACCESORI:\u00a0<\/strong>DREP\u0162II ABDOMINALI<\/h4>\n<h3>Proceduri:<\/h3>\n<p><img loading=\"lazy\" class=\"alignnone size-medium wp-image-952\" src=\"https:\/\/mkb-system.ro\/wp-content\/uploads\/2020\/10\/Untitled-design-18-300x211.png\" alt=\"\" width=\"300\" height=\"211\" srcset=\"https:\/\/mkb-system.ro\/wp-content\/uploads\/2020\/10\/Untitled-design-18-300x211.png 300w, https:\/\/mkb-system.ro\/wp-content\/uploads\/2020\/10\/Untitled-design-18-768x540.png 768w, https:\/\/mkb-system.ro\/wp-content\/uploads\/2020\/10\/Untitled-design-18-600x422.png 600w, https:\/\/mkb-system.ro\/wp-content\/uploads\/2020\/10\/Untitled-design-18.png 1024w\" sizes=\"(max-width: 300px) 100vw, 300px\" \/><\/p>\n<h4>\u00cen\u0103l\u021bimea scaunului \u0219i dimensiunile suportului din spate pot fi reglate independent compens\u00e2nd astfel diferen\u021bele de norme antropometrice \u00een ceea ce prive\u0219te dimensiunea corpului \u0219i lungimea picioarelor.<\/h4>\n<h4>Conform ultimelor m\u0103sur\u0103tori, pozi\u021bia de pornire este mai sigur\u0103 ca niciodat\u0103, deoarece nu se plaseaz\u0103 o sarcin\u0103 mai mare pe discurile intervertebrale dec\u00e2t pe picioare.<\/h4>\n<h4>Ma\u0219ina isokinetic\u0103 este u\u0219or de folosit de c\u0103tre pacien\u021bi. Reglajele de control permit pacientului s\u0103 \u00ee\u0219i g\u0103seasc\u0103 singur manetele de ajustare.<\/h4>\n<h4><\/h4>\n","protected":false},"excerpt":{"rendered":"<h4>DIMENSIUNI STARE PASIV\u0102: 180 X 140 X 196 CM<\/h4>\n<h4>DIMENSIUNE SETARE\u00a0 ACTIV\u0102: 190 X 160 X 196 CM<\/h4>\n<h4>SARCINA PE PL\u0102CI: 10 X 9+5 X 5+5 X 3 KG GREUTATE TOTAL\u0102: 320 KG<\/h4>\n<h4><\/h4>\n","protected":false},"featured_media":950,"template":"","meta":[],"lang":"ro","translations":{"ro":949,"en":1335},"pll_sync_post":[],"_links":{"self":[{"href":"https:\/\/mkb-system.ro\/index.php\/wp-json\/wp\/v2\/product\/949"}],"collection":[{"href":"https:\/\/mkb-system.ro\/index.php\/wp-json\/wp\/v2\/product"}],"about":[{"href":"https:\/\/mkb-system.ro\/index.php\/wp-json\/wp\/v2\/types\/product"}],"wp:featuredmedia":[{"embeddable":true,"href":"https:\/\/mkb-system.ro\/index.php\/wp-json\/wp\/v2\/media\/950"}],"wp:attachment":[{"href":"https:\/\/mkb-system.ro\/index.php\/wp-json\/wp\/v2\/media?parent=949"}],"curies":[{"name":"wp","href":"https:\/\/api.w.org\/{rel}","templated":true}]}}