{"id":953,"date":"2020-10-21T21:40:21","date_gmt":"2020-10-21T21:40:21","guid":{"rendered":"https:\/\/mkb-system.ro\/?post_type=product&#038;p=953"},"modified":"2020-12-09T10:48:13","modified_gmt":"2020-12-09T10:48:13","slug":"r14-masina-isokinetica-pentru-coloana-dorso-lombara-extensia-trunchiului","status":"publish","type":"product","link":"https:\/\/mkb-system.ro\/index.php\/produs\/r14-masina-isokinetica-pentru-coloana-dorso-lombara-extensia-trunchiului\/","title":{"rendered":"R14 Ma\u015fin\u0103 isokinetic\u0103 pentru coloana lombar\u0103 Extensia trunchiului"},"content":{"rendered":"<h4><\/h4>\n<h4 class=\"title\"><span class=\"lead\">COLOANA<\/span>\u00a0DORSO &#8211; LOMBAR\u0102<\/h4>\n<h4>EXTENSIA TRUNCHIULUI<\/h4>\n<p><img loading=\"lazy\" class=\"alignnone size-medium wp-image-955\" src=\"https:\/\/mkb-system.ro\/wp-content\/uploads\/2020\/10\/Untitled-design-19-300x211.png\" alt=\"\" width=\"300\" height=\"211\" srcset=\"https:\/\/mkb-system.ro\/wp-content\/uploads\/2020\/10\/Untitled-design-19-300x211.png 300w, https:\/\/mkb-system.ro\/wp-content\/uploads\/2020\/10\/Untitled-design-19-768x540.png 768w, https:\/\/mkb-system.ro\/wp-content\/uploads\/2020\/10\/Untitled-design-19-600x422.png 600w, https:\/\/mkb-system.ro\/wp-content\/uploads\/2020\/10\/Untitled-design-19.png 1024w\" sizes=\"(max-width: 300px) 100vw, 300px\" \/><\/p>\n<h4><strong>MU\u015eCHI PRINCIPALI:\u00a0<\/strong>PARAVERTEBRALII DIN SEGMENTUL TORACIC \u015eI LOMBAR, MARELE DORSAL.<\/h4>\n<table style=\"height: 436px;\" role=\"grid\" width=\"801\">\n<tbody id=\"j_id_p:productCardForm:productCardTabView:j_id_6r_data\" class=\"ui-datatable-data ui-widget-content\">\n<tr class=\"ui-widget-header\">\n<td class=\"ui-datatable-subtable-header\" colspan=\"3\">\n<h3>Proceduri:<\/h3>\n<\/td>\n<\/tr>\n<tr id=\"j_id_p:productCardForm:productCardTabView:j_id_6r:0:j_id_6s_row_0\" class=\"ui-widget-content\">\n<td class=\"product-card-tab-spec-item-name\">\n<h3><img loading=\"lazy\" class=\"alignnone size-full wp-image-957\" src=\"https:\/\/mkb-system.ro\/wp-content\/uploads\/2020\/10\/r14-procedura3-transparent.png\" alt=\"\" width=\"282\" height=\"250\" \/><\/h3>\n<\/td>\n<td class=\"product-card-tab-spec-item-val\">\n<h3><img loading=\"lazy\" class=\"alignnone size-medium wp-image-958\" src=\"https:\/\/mkb-system.ro\/wp-content\/uploads\/2020\/10\/r14-procedura2-transparent-1.png\" alt=\"\" width=\"281\" height=\"250\" \/><\/h3>\n<\/td>\n<td class=\"product-card-tab-spec-item-val\">\n<h3><img loading=\"lazy\" class=\"alignnone size-medium wp-image-959\" src=\"https:\/\/mkb-system.ro\/wp-content\/uploads\/2020\/10\/r14-procedura1-transparent.png\" alt=\"\" width=\"268\" height=\"250\" \/><\/h3>\n<\/td>\n<\/tr>\n<\/tbody>\n<\/table>\n<h4>Aceast\u0103 ma\u0219in\u0103 isokinetic\u0103 este creat\u0103 pentru imobilizarea segmentar\u0103 a coloanei dorso- lombare permi\u021b\u00e2nd astfel at\u00e2t tratarea mu\u0219chilor abdominali c\u00e2t \u0219i a mu\u0219chilor spatelui.<\/h4>\n<h4>Ma\u0219ina isokinetic\u0103 poate fi ajustat\u0103 oric\u0103rei dimensiuni corporale.<\/h4>\n<h4>Coloana dorso-lombar\u0103 este imobilizat\u0103 \u00een pozi\u021bia culcat astfel se asigur\u0103 o pozi\u021bie optim\u0103 de pornire a exerci\u021biului.<\/h4>\n<p>&nbsp;<\/p>\n","protected":false},"excerpt":{"rendered":"<h4>DIMENSIUNE STARE PASIV\u0102: 158 X 100 X 196 CM<\/h4>\n<h4>DIMENSIUNE SETARE ACTIV\u0102: 230 X 100 X 196 CM<\/h4>\n<h4>SARCINA PE PL\u0102CI: 15X 5 KG<\/h4>\n<h4>GREUTATE TOTAL\u0102: 300 KG<\/h4>\n<h4 class=\"title\"><\/h4>\n","protected":false},"featured_media":954,"template":"","meta":[],"lang":"ro","translations":{"ro":953,"en":1334},"pll_sync_post":[],"_links":{"self":[{"href":"https:\/\/mkb-system.ro\/index.php\/wp-json\/wp\/v2\/product\/953"}],"collection":[{"href":"https:\/\/mkb-system.ro\/index.php\/wp-json\/wp\/v2\/product"}],"about":[{"href":"https:\/\/mkb-system.ro\/index.php\/wp-json\/wp\/v2\/types\/product"}],"wp:featuredmedia":[{"embeddable":true,"href":"https:\/\/mkb-system.ro\/index.php\/wp-json\/wp\/v2\/media\/954"}],"wp:attachment":[{"href":"https:\/\/mkb-system.ro\/index.php\/wp-json\/wp\/v2\/media?parent=953"}],"curies":[{"name":"wp","href":"https:\/\/api.w.org\/{rel}","templated":true}]}}