{"id":964,"date":"2020-10-21T21:51:38","date_gmt":"2020-10-21T21:51:38","guid":{"rendered":"https:\/\/mkb-system.ro\/?post_type=product&#038;p=964"},"modified":"2020-12-03T18:17:00","modified_gmt":"2020-12-03T18:17:00","slug":"r7-masina-isokinetica-pentru-coloana-dorso-lombara-rotatia-trunchiului","status":"publish","type":"product","link":"https:\/\/mkb-system.ro\/index.php\/produs\/r7-masina-isokinetica-pentru-coloana-dorso-lombara-rotatia-trunchiului\/","title":{"rendered":"R7 Ma\u015fin\u0103 isokinetic\u0103 pentru coloana toracic\u0103 Rotatia trunchiului"},"content":{"rendered":"<h4 class=\"title\"><span class=\"lead\">COLOANA<\/span>\u00a0DORSO &#8211; LOMBAR\u0102<\/h4>\n<h4>ROTA\u021aIA TRUNCHIULUI<\/h4>\n<h4><img loading=\"lazy\" class=\"alignnone size-medium wp-image-966\" src=\"https:\/\/mkb-system.ro\/wp-content\/uploads\/2020\/10\/Untitled-design-22-300x300.png\" alt=\"\" width=\"300\" height=\"300\" srcset=\"https:\/\/mkb-system.ro\/wp-content\/uploads\/2020\/10\/Untitled-design-22-300x300.png 300w, https:\/\/mkb-system.ro\/wp-content\/uploads\/2020\/10\/Untitled-design-22-150x150.png 150w, https:\/\/mkb-system.ro\/wp-content\/uploads\/2020\/10\/Untitled-design-22-100x100.png 100w, https:\/\/mkb-system.ro\/wp-content\/uploads\/2020\/10\/Untitled-design-22.png 500w\" sizes=\"(max-width: 300px) 100vw, 300px\" \/><\/h4>\n<h4><strong>MU\u015eCHI PRINCIPALI:\u00a0<\/strong>OBLICII INTERNI \u015eI EXTERNI ABDOMINALI<\/h4>\n<h3>Proceduri:<\/h3>\n<p><img loading=\"lazy\" class=\"alignnone size-full wp-image-967\" src=\"https:\/\/mkb-system.ro\/wp-content\/uploads\/2020\/10\/r7-procedura1-transparent.png\" alt=\"\" width=\"202\" height=\"250\" \/><\/p>\n<section class=\"has_eae_slider elementor-element elementor-element-b382732 elementor-section-boxed elementor-section-height-default elementor-section-height-default elementor-section elementor-top-section\" data-id=\"b382732\" data-element_type=\"section\">\n<div class=\"elementor-container elementor-column-gap-default\">\n<div class=\"elementor-row\">\n<div class=\"has_eae_slider elementor-element elementor-element-09cea2f elementor-column elementor-col-100 elementor-top-column\" data-id=\"09cea2f\" data-element_type=\"column\">\n<div class=\"elementor-column-wrap elementor-element-populated\">\n<div class=\"elementor-widget-wrap\">\n<div class=\"elementor-element elementor-element-fdd9ccc elementor-widget elementor-widget-text-editor\" data-id=\"fdd9ccc\" data-element_type=\"widget\" data-widget_type=\"text-editor.default\">\n<div class=\"elementor-widget-container\">\n<div class=\"elementor-text-editor elementor-clearfix\">\n<h4>Func\u021bia special\u0103 a acestei ma\u0219ini isokinetice este tratarea mu\u0219chilor profunzi ai spatelui (mu\u0219chii statici).<\/h4>\n<h4>P\u00e2n\u0103 \u00een prezent \u0219tiin\u021ba nu a determinat geneza durerilor de spate \u00een toat\u0103 diversitatea \u0219i manifestarea lor. Cauzele sunt diverse \u0219i variaz\u0103 de la o boal\u0103 genetic\u0103 p\u00e2n\u0103 la leziuni traumatice.<\/h4>\n<h4>De\u0219i exerci\u021biile unidimensionale izolate ale mu\u0219chilor spatelui duc la o \u00eembun\u0103t\u0103\u021bire muscular\u0103 pe direc\u021biile de flexie \u0219i extensie, siguran\u021ba articula\u021biilor coloanei vertebrale este determinat\u0103 \u00een mare m\u0103sur\u0103 de stabilizarea tridimensional\u0103 (flexie, extensie, rota\u021bie) a acestora.<\/h4>\n<\/div>\n<\/div>\n<\/div>\n<\/div>\n<\/div>\n<\/div>\n<\/div>\n<\/div>\n<\/section>\n<section class=\"has_eae_slider elementor-element elementor-element-acc8744 elementor-section-stretched elementor-section-full_width elementor-section-height-default elementor-section-height-default elementor-section elementor-top-section\" data-id=\"acc8744\" data-element_type=\"section\" data-settings=\"{&quot;stretch_section&quot;:&quot;section-stretched&quot;}\">\n<div class=\"elementor-container elementor-column-gap-default\">\n<div class=\"elementor-row\">\n<div class=\"has_eae_slider elementor-element elementor-element-f43eb1a elementor-column elementor-col-100 elementor-top-column\" data-id=\"f43eb1a\" data-element_type=\"column\">\n<div class=\"elementor-column-wrap elementor-element-populated\">\n<div class=\"elementor-widget-wrap\">\n<div class=\"elementor-element elementor-element-ab8a53e elementor-widget elementor-widget-wts-shape-separator\" data-id=\"ab8a53e\" data-element_type=\"widget\" data-widget_type=\"wts-shape-separator.default\">\n<h4 class=\"elementor-widget-container\"><\/h4>\n<\/div>\n<\/div>\n<\/div>\n<\/div>\n<\/div>\n<\/div>\n<\/section>\n<section class=\"has_eae_slider elementor-element elementor-element-9416fa8 elementor-section-boxed elementor-section-height-default elementor-section-height-default elementor-section elementor-top-section\" data-id=\"9416fa8\" data-element_type=\"section\">\n<div class=\"elementor-container elementor-column-gap-default\">\n<div class=\"elementor-row\">\n<div class=\"has_eae_slider elementor-element elementor-element-959689c elementor-column elementor-col-100 elementor-top-column\" data-id=\"959689c\" data-element_type=\"column\">\n<div class=\"elementor-column-wrap elementor-element-populated\">\n<div class=\"elementor-widget-wrap\">\n<div class=\"elementor-element elementor-element-6bba757 elementor-widget elementor-widget-spacer\" data-id=\"6bba757\" data-element_type=\"widget\" data-widget_type=\"spacer.default\">\n<div class=\"elementor-widget-container\">\n<div class=\"elementor-spacer\"><\/div>\n<\/div>\n<\/div>\n<\/div>\n<\/div>\n<\/div>\n<\/div>\n<\/div>\n<\/section>\n","protected":false},"excerpt":{"rendered":"<h4>DIMENSIUNI STARE PASIV\u0102: 150 X 105 X 196 CM<\/h4>\n<h4>DIMENSIUNE SETARE ACTIV\u0102: 150 X 120 X 196 CM<\/h4>\n<h4>SARCINA PE PL\u0102CI: 5X3 + 10X5 KG<\/h4>\n<h4>GREUTATE TOTAL\u0102: 270 KG<\/h4>\n<section class=\"has_eae_slider elementor-element elementor-element-acc8744 elementor-section-stretched elementor-section-full_width elementor-section-height-default elementor-section-height-default elementor-section elementor-top-section\" data-id=\"acc8744\" data-element_type=\"section\" data-settings=\"{&quot;stretch_section&quot;:&quot;section-stretched&quot;}\">\n<div class=\"elementor-container elementor-column-gap-default\">\n<div class=\"elementor-row\">\n<div class=\"has_eae_slider elementor-element elementor-element-f43eb1a elementor-column elementor-col-100 elementor-top-column\" data-id=\"f43eb1a\" data-element_type=\"column\">\n<div class=\"elementor-column-wrap elementor-element-populated\">\n<div class=\"elementor-widget-wrap\">\n<div class=\"elementor-element elementor-element-ab8a53e elementor-widget elementor-widget-wts-shape-separator\" data-id=\"ab8a53e\" data-element_type=\"widget\" data-widget_type=\"wts-shape-separator.default\">\n<h4 class=\"elementor-widget-container\"><\/h4>\n<\/div>\n<\/div>\n<\/div>\n<\/div>\n<\/div>\n<\/div>\n<\/section>\n<section class=\"has_eae_slider elementor-element elementor-element-9416fa8 elementor-section-boxed elementor-section-height-default elementor-section-height-default elementor-section elementor-top-section\" data-id=\"9416fa8\" data-element_type=\"section\">\n<div class=\"elementor-container elementor-column-gap-default\">\n<div class=\"elementor-row\">\n<div class=\"has_eae_slider elementor-element elementor-element-959689c elementor-column elementor-col-100 elementor-top-column\" data-id=\"959689c\" data-element_type=\"column\">\n<div class=\"elementor-column-wrap elementor-element-populated\">\n<div class=\"elementor-widget-wrap\">\n<div class=\"elementor-element elementor-element-6bba757 elementor-widget elementor-widget-spacer\" data-id=\"6bba757\" data-element_type=\"widget\" data-widget_type=\"spacer.default\">\n<div class=\"elementor-widget-container\">\n<div class=\"elementor-spacer\"><\/div>\n<\/div>\n<\/div>\n<\/div>\n<\/div>\n<\/div>\n<\/div>\n<\/div>\n<\/section>\n","protected":false},"featured_media":965,"template":"","meta":[],"lang":"ro","translations":{"ro":964,"en":1332},"pll_sync_post":[],"_links":{"self":[{"href":"https:\/\/mkb-system.ro\/index.php\/wp-json\/wp\/v2\/product\/964"}],"collection":[{"href":"https:\/\/mkb-system.ro\/index.php\/wp-json\/wp\/v2\/product"}],"about":[{"href":"https:\/\/mkb-system.ro\/index.php\/wp-json\/wp\/v2\/types\/product"}],"wp:featuredmedia":[{"embeddable":true,"href":"https:\/\/mkb-system.ro\/index.php\/wp-json\/wp\/v2\/media\/965"}],"wp:attachment":[{"href":"https:\/\/mkb-system.ro\/index.php\/wp-json\/wp\/v2\/media?parent=964"}],"curies":[{"name":"wp","href":"https:\/\/api.w.org\/{rel}","templated":true}]}}