{"id":968,"date":"2020-10-21T21:56:04","date_gmt":"2020-10-21T21:56:04","guid":{"rendered":"https:\/\/mkb-system.ro\/?post_type=product&#038;p=968"},"modified":"2020-12-09T10:46:31","modified_gmt":"2020-12-09T10:46:31","slug":"r3-masina-isokinetica-pentru-sold-flexia-extensia-soldului","status":"publish","type":"product","link":"https:\/\/mkb-system.ro\/index.php\/produs\/r3-masina-isokinetica-pentru-sold-flexia-extensia-soldului\/","title":{"rendered":"R3 Ma\u015fin\u0103 Isokinetic\u0103 pentru \u015fold &#8211; Flexia &#8211; Extensia \u015foldului"},"content":{"rendered":"<h4><span class=\"lead\">\u0218OLD<\/span><\/h4>\n<h4>FLEXIA \/ EXTENSIA \u0218OLDULUI<\/h4>\n<p><img loading=\"lazy\" class=\"alignnone size-medium wp-image-970\" src=\"https:\/\/mkb-system.ro\/wp-content\/uploads\/2020\/10\/Untitled-design-23-300x300.png\" alt=\"\" width=\"300\" height=\"300\" srcset=\"https:\/\/mkb-system.ro\/wp-content\/uploads\/2020\/10\/Untitled-design-23-300x300.png 300w, https:\/\/mkb-system.ro\/wp-content\/uploads\/2020\/10\/Untitled-design-23-150x150.png 150w, https:\/\/mkb-system.ro\/wp-content\/uploads\/2020\/10\/Untitled-design-23-100x100.png 100w, https:\/\/mkb-system.ro\/wp-content\/uploads\/2020\/10\/Untitled-design-23.png 500w\" sizes=\"(max-width: 300px) 100vw, 300px\" \/><\/p>\n<h4><strong>MU\u015eCHI PRINCIPALI:\u00a0<\/strong>ILIOPSOAS.<\/h4>\n<h4><strong>MU\u015eCHI ACCESORI:\u00a0<\/strong>DREPTUL ANTERIOR, CROITORUL, TENSORUL FASCIEI LAT\u0102, PECTINEUL, ADDUCTORII (FIBRELE OBLICE), FLECTEAZ\u0102 COAPSA P\u00c2N\u0102 LA ORIZONTAL\u0102<\/h4>\n<table style=\"height: 436px;\" role=\"grid\" width=\"801\">\n<tbody id=\"j_id_p:productCardForm:productCardTabView:j_id_6r_data\" class=\"ui-datatable-data ui-widget-content\">\n<tr class=\"ui-widget-header\">\n<td class=\"ui-datatable-subtable-header\" colspan=\"3\">\n<h3>Proceduri:<\/h3>\n<\/td>\n<\/tr>\n<tr id=\"j_id_p:productCardForm:productCardTabView:j_id_6r:0:j_id_6s_row_0\" class=\"ui-widget-content\">\n<td class=\"product-card-tab-spec-item-name\">\n<h3><img loading=\"lazy\" class=\"alignnone size-full wp-image-971\" src=\"https:\/\/mkb-system.ro\/wp-content\/uploads\/2020\/10\/r3-procedura1-transparent-oq33xdgzfd7i79t0qxnd6pm1ql69btfr6m6frf3upw.png\" alt=\"\" width=\"270\" height=\"250\" \/><\/h3>\n<\/td>\n<td class=\"product-card-tab-spec-item-val\">\n<h3><img loading=\"lazy\" class=\"alignnone size-full wp-image-972\" src=\"https:\/\/mkb-system.ro\/wp-content\/uploads\/2020\/10\/r3-procedura2-transparent-1.png\" alt=\"\" width=\"270\" height=\"250\" \/><\/h3>\n<\/td>\n<td class=\"product-card-tab-spec-item-val\">\n<h3><img loading=\"lazy\" class=\"alignnone size-full wp-image-973\" src=\"https:\/\/mkb-system.ro\/wp-content\/uploads\/2020\/10\/r3-procedura3-transparent.png\" alt=\"\" width=\"286\" height=\"250\" \/><\/h3>\n<\/td>\n<\/tr>\n<tr id=\"j_id_p:productCardForm:productCardTabView:j_id_6r:0:j_id_6s_row_1\" class=\"ui-widget-content\">\n<td class=\"product-card-tab-spec-item-name\">\n<h3>Flexia \u0219oldului<\/h3>\n<\/td>\n<td class=\"product-card-tab-spec-item-val\">\n<h3>Extensia \u0219oldului<\/h3>\n<\/td>\n<td class=\"product-card-tab-spec-item-val\">\n<h3>Extensia \u0219oldului<\/h3>\n<\/td>\n<\/tr>\n<\/tbody>\n<\/table>\n<h4>Extensia \u0219oldului se poate face cu unul sau ambele picioare. Aceast\u0103 mi\u0219care de extensie antreneaz\u0103 mu\u0219chiul iliopsoas \u0219i, \u00een func\u021bie de pozi\u021bia genunchiului, accentueaz\u0103 mu\u0219chii spatelui.<\/h4>\n<h4>Mi\u0219carea poate fi realizat\u0103 bilateral sau unilateral.<\/h4>\n<h4>\u00centr-o versiune bilateral\u0103 (ambele picioare se mi\u0219c\u0103 \u00een extensia \u0219oldului), o tensiune muscular\u0103 pronun\u021bat\u0103 a spatelui se dezvolt\u0103 p\u00e2n\u0103 la tranzi\u021bia toraco-lombar\u0103 (tranzi\u021bie de la torace la coloana lombar\u0103).<\/h4>\n","protected":false},"excerpt":{"rendered":"<h4>DIMENSIUNI STARE PASIV\u0102: 150 X 90 X 205 CM<\/h4>\n<h4>DIMENSIUNE SETARE ACTIV\u0102: 200 X 90 X 1205 CM<\/h4>\n<h4>SARCINA PE PL\u0102CI: 15X5 &#8211; 5X3 KG<\/h4>\n<h4>GREUTATE TOTAL\u0102 : 290 KG<\/h4>\n<h4><\/h4>\n","protected":false},"featured_media":969,"template":"","meta":[],"lang":"ro","translations":{"ro":968,"en":1331},"pll_sync_post":[],"_links":{"self":[{"href":"https:\/\/mkb-system.ro\/index.php\/wp-json\/wp\/v2\/product\/968"}],"collection":[{"href":"https:\/\/mkb-system.ro\/index.php\/wp-json\/wp\/v2\/product"}],"about":[{"href":"https:\/\/mkb-system.ro\/index.php\/wp-json\/wp\/v2\/types\/product"}],"wp:featuredmedia":[{"embeddable":true,"href":"https:\/\/mkb-system.ro\/index.php\/wp-json\/wp\/v2\/media\/969"}],"wp:attachment":[{"href":"https:\/\/mkb-system.ro\/index.php\/wp-json\/wp\/v2\/media?parent=968"}],"curies":[{"name":"wp","href":"https:\/\/api.w.org\/{rel}","templated":true}]}}