{"id":974,"date":"2020-10-21T22:02:35","date_gmt":"2020-10-21T22:02:35","guid":{"rendered":"https:\/\/mkb-system.ro\/?post_type=product&#038;p=974"},"modified":"2020-12-09T10:45:33","modified_gmt":"2020-12-09T10:45:33","slug":"r27-masina-isokinetica-pentru-sold-flexia-extensia-cu-genunchiul-extins-abductia-adductia-soldului","status":"publish","type":"product","link":"https:\/\/mkb-system.ro\/index.php\/produs\/r27-masina-isokinetica-pentru-sold-flexia-extensia-cu-genunchiul-extins-abductia-adductia-soldului\/","title":{"rendered":"R27 Ma\u015fin\u0103 Isokinetic\u0103 pentru \u015fold &#8211; Flexia \/ Extensia cu genunchiul extins Abduc\u0163ia \/Adduc\u0163ia \u015foldului"},"content":{"rendered":"<h4 class=\"title\"><span class=\"lead\">\u0218OLD<\/span><\/h4>\n<h4>FLEXIA \/ EXTENSIA CU GENUNCHIUL EXTINS<\/h4>\n<h4>ABDUC\u021aIA \/ ADDUC\u021aIA \u0218OLDULUI<\/h4>\n<p><img loading=\"lazy\" class=\"alignnone size-medium wp-image-976\" src=\"https:\/\/mkb-system.ro\/wp-content\/uploads\/2020\/10\/Untitled-design-24-300x300.png\" alt=\"\" width=\"300\" height=\"300\" srcset=\"https:\/\/mkb-system.ro\/wp-content\/uploads\/2020\/10\/Untitled-design-24-300x300.png 300w, https:\/\/mkb-system.ro\/wp-content\/uploads\/2020\/10\/Untitled-design-24-150x150.png 150w, https:\/\/mkb-system.ro\/wp-content\/uploads\/2020\/10\/Untitled-design-24-100x100.png 100w, https:\/\/mkb-system.ro\/wp-content\/uploads\/2020\/10\/Untitled-design-24.png 500w\" sizes=\"(max-width: 300px) 100vw, 300px\" \/><\/p>\n<h4><strong>MU\u015eCHI PRINCIPALI:\u00a0<\/strong>ILIOPSOAS.<\/h4>\n<h4><strong>MU\u015eCHI ACCESORI:\u00a0<\/strong>DREPTUL ANTERIOR, CROITORUL, TENSORUL FASCIEI LAT\u0102, PECTINEUL, ADDUCTORII (FIBRELE OBLICE), FLECTEAZ\u0102 COAPSA P\u00c2N\u0102 LA ORIZONTAL\u0102.<\/h4>\n<table style=\"height: 436px;\" role=\"grid\" width=\"801\">\n<tbody id=\"j_id_p:productCardForm:productCardTabView:j_id_6r_data\" class=\"ui-datatable-data ui-widget-content\">\n<tr class=\"ui-widget-header\">\n<td class=\"ui-datatable-subtable-header\" colspan=\"4\">\n<h3>Proceduri:<\/h3>\n<\/td>\n<\/tr>\n<tr id=\"j_id_p:productCardForm:productCardTabView:j_id_6r:0:j_id_6s_row_0\" class=\"ui-widget-content\">\n<td class=\"product-card-tab-spec-item-name\">\n<h3><img loading=\"lazy\" class=\"alignnone size-full wp-image-977\" src=\"https:\/\/mkb-system.ro\/wp-content\/uploads\/2020\/10\/r27-procedura1-transparent.png\" alt=\"\" width=\"160\" height=\"243\" \/><\/h3>\n<\/td>\n<td class=\"product-card-tab-spec-item-val\">\n<h3><img loading=\"lazy\" class=\" wp-image-978  aligncenter\" src=\"https:\/\/mkb-system.ro\/wp-content\/uploads\/2020\/10\/r27-procedura2-transparent-1.png\" alt=\"\" width=\"134\" height=\"260\" \/><\/h3>\n<\/td>\n<td class=\"product-card-tab-spec-item-val\">\n<h3><img loading=\"lazy\" class=\"alignnone size-full wp-image-979\" src=\"https:\/\/mkb-system.ro\/wp-content\/uploads\/2020\/10\/r27-procedura3-transparent.png\" alt=\"\" width=\"160\" height=\"250\" \/><\/h3>\n<\/td>\n<td class=\"product-card-tab-spec-item-val\">\n<h3><img loading=\"lazy\" class=\"alignnone size-full wp-image-980\" src=\"https:\/\/mkb-system.ro\/wp-content\/uploads\/2020\/10\/r27-procedura4-transparent.png\" alt=\"\" width=\"160\" height=\"250\" \/><\/h3>\n<\/td>\n<\/tr>\n<tr id=\"j_id_p:productCardForm:productCardTabView:j_id_6r:0:j_id_6s_row_1\" class=\"ui-widget-content\">\n<td class=\"product-card-tab-spec-item-name\">\n<h3>\u00a0Abduc\u021bia \/ Adduc\u021bia \u0219oldului<\/h3>\n<\/td>\n<td class=\"product-card-tab-spec-item-val\">\n<h3>Flexia \u0219oldului cu genunchiul cu genunchiul extins<\/h3>\n<\/td>\n<td class=\"product-card-tab-spec-item-val\">\n<h3>Extensia \u0219oldului cu genunchiul extins<\/h3>\n<\/td>\n<td class=\"product-card-tab-spec-item-val\">\n<h3>Extensia \u0219oldului cu genunchiul flexat<\/h3>\n<\/td>\n<\/tr>\n<\/tbody>\n<\/table>\n<h4>Aceast\u0103 ma\u0219in\u0103 isokinetic\u0103, cu ac\u021bionare din picioare, permite mai multe op\u021biuni de exerci\u0163ii.<\/h4>\n<h4>Dac\u0103 ne pozi\u021bion\u0103m cu fa\u021ba la bra\u021bul p\u00e2rghiei ma\u0219inii, se accentueaz\u0103 p\u0103r\u021bile ventrale (din fa\u021b\u0103) ale feselor \u0219i ale mu\u0219chilor adductori.<\/h4>\n<h4>Dac\u0103 ne pozi\u021bion\u0103m cu fa\u021ba la bra\u021bul p\u00e2rghiei ma\u0219inii, se accentueaz\u0103 p\u0103r\u021bile ventrale (din fa\u021b\u0103) ale feselor \u0219i ale mu\u0219chilor adductori.<\/h4>\n<h4>Dac\u0103 ne pozi\u021bion\u0103m \u00een partea lateral\u0103 a bra\u021bului p\u00e2rghiei, se practic\u0103 flexia sau extensia \u0219oldului \u00een func\u021bie de setare.<\/h4>\n","protected":false},"excerpt":{"rendered":"<h4>DIMENSIUNE SETARE PASIV\u0102: \u00a0 \u00a0120 X 160 X 196 CM<\/h4>\n<h4>DIMENSIUNE SETARE ACTIV\u0102:\u00a0200 X 160 X 196 CM<\/h4>\n<h4>SARCINA PE PL\u0102CI: 20 X 10 KG<\/h4>\n<h4>GREUTATE TOTAL\u0102: 280 KG<\/h4>\n<h4><\/h4>\n","protected":false},"featured_media":975,"template":"","meta":[],"lang":"ro","translations":{"ro":974,"en":1330},"pll_sync_post":[],"_links":{"self":[{"href":"https:\/\/mkb-system.ro\/index.php\/wp-json\/wp\/v2\/product\/974"}],"collection":[{"href":"https:\/\/mkb-system.ro\/index.php\/wp-json\/wp\/v2\/product"}],"about":[{"href":"https:\/\/mkb-system.ro\/index.php\/wp-json\/wp\/v2\/types\/product"}],"wp:featuredmedia":[{"embeddable":true,"href":"https:\/\/mkb-system.ro\/index.php\/wp-json\/wp\/v2\/media\/975"}],"wp:attachment":[{"href":"https:\/\/mkb-system.ro\/index.php\/wp-json\/wp\/v2\/media?parent=974"}],"curies":[{"name":"wp","href":"https:\/\/api.w.org\/{rel}","templated":true}]}}