{"id":986,"date":"2020-10-21T22:12:33","date_gmt":"2020-10-21T22:12:33","guid":{"rendered":"https:\/\/mkb-system.ro\/?post_type=product&#038;p=986"},"modified":"2020-12-09T10:36:17","modified_gmt":"2020-12-09T10:36:17","slug":"r16-masina-isokinetica-pentru-genunchi","status":"publish","type":"product","link":"https:\/\/mkb-system.ro\/index.php\/produs\/r16-masina-isokinetica-pentru-genunchi\/","title":{"rendered":"R16 Ma\u015fin\u0103 isokinetic\u0103 pentru genunchi Flexia\/ Extensia genunchiului"},"content":{"rendered":"<h4 class=\"title\"><span class=\"lead\">GENUNCHI<\/span><\/h4>\n<h4><strong>FLEXIA\u00a0<\/strong><\/h4>\n<p><img loading=\"lazy\" class=\"alignnone size-medium wp-image-988\" src=\"https:\/\/mkb-system.ro\/wp-content\/uploads\/2020\/10\/Untitled-design-26-300x300.png\" alt=\"\" width=\"300\" height=\"300\" srcset=\"https:\/\/mkb-system.ro\/wp-content\/uploads\/2020\/10\/Untitled-design-26-300x300.png 300w, https:\/\/mkb-system.ro\/wp-content\/uploads\/2020\/10\/Untitled-design-26-150x150.png 150w, https:\/\/mkb-system.ro\/wp-content\/uploads\/2020\/10\/Untitled-design-26-100x100.png 100w, https:\/\/mkb-system.ro\/wp-content\/uploads\/2020\/10\/Untitled-design-26.png 500w\" sizes=\"(max-width: 300px) 100vw, 300px\" \/><\/p>\n<h4><strong>MU\u015eCHI PRINCIPALI<\/strong>: BICEPS FEMURAL, SEMITENDINOS, SEMIMEMBRANOS.<\/h4>\n<h4><strong>MU\u015eCHI ACCESORI<\/strong>: POPLITEU, CROITOR, GASTROCNEMIENI<\/h4>\n<h4><strong>EXTENSIA\u00a0<\/strong><\/h4>\n<h4><strong>MU\u015eCHI PRINCIPALI<\/strong>: CVADRICEPSUL (DREPT FEMURAL (ANTERIOR), VAST INTERN, LATERAL, MEDIAL)<\/h4>\n<h4><strong>MU\u015eCHI ACCESORI<\/strong>: TENSORUL FASCIA LATA<\/h4>\n<table style=\"height: 436px;\" role=\"grid\" width=\"801\">\n<tbody id=\"j_id_p:productCardForm:productCardTabView:j_id_6r_data\" class=\"ui-datatable-data ui-widget-content\">\n<tr class=\"ui-widget-header\">\n<td class=\"ui-datatable-subtable-header\" colspan=\"3\">\n<h3>Proceduri:<\/h3>\n<\/td>\n<\/tr>\n<tr id=\"j_id_p:productCardForm:productCardTabView:j_id_6r:0:j_id_6s_row_0\" class=\"ui-widget-content\">\n<td class=\"product-card-tab-spec-item-name\">\n<h3><img loading=\"lazy\" class=\"alignnone size-full wp-image-989\" src=\"https:\/\/mkb-system.ro\/wp-content\/uploads\/2020\/10\/r16-procedura1-transparent.png\" alt=\"\" width=\"276\" height=\"250\" \/><\/h3>\n<\/td>\n<td class=\"product-card-tab-spec-item-val\">\n<h3><img loading=\"lazy\" class=\"alignnone size-full wp-image-990\" src=\"https:\/\/mkb-system.ro\/wp-content\/uploads\/2020\/10\/r16-procedura2-transparent.png\" alt=\"\" width=\"272\" height=\"250\" \/><\/h3>\n<\/td>\n<td class=\"product-card-tab-spec-item-val\">\n<h3><\/h3>\n<\/td>\n<\/tr>\n<tr id=\"j_id_p:productCardForm:productCardTabView:j_id_6r:0:j_id_6s_row_1\" class=\"ui-widget-content\">\n<td class=\"product-card-tab-spec-item-name\">\n<h3>Flexia genunchiului<\/h3>\n<\/td>\n<td class=\"product-card-tab-spec-item-val\">\n<h3>Extensia genunchiului<\/h3>\n<\/td>\n<td class=\"product-card-tab-spec-item-val\">\n<h3><\/h3>\n<\/td>\n<\/tr>\n<\/tbody>\n<\/table>\n<h4>Prin acest exerci\u021biu se lucreaz\u0103 \u00een principal extensia genunchiului.<\/h4>\n<h4>Ma\u0219ina isokinetic\u0103 are o ajustare gradual\u0103 a unghiului de pornire \u00een exerci\u021biu. Pozi\u021bia de \u0219ezut poate fi ajustat\u0103 u\u0219or \u0219i precis la dimensiunile corpului.<\/h4>\n<h4>Intervalul de mi\u0219care poate fi limitat la mi\u0219care concentric\u0103 \u0219i excentric\u0103.<\/h4>\n<h4>F\u0103r\u0103 a schimba pozi\u021bia din \u0219ezut, ma\u0219ina isokinetic\u0103 \u00ee\u015fi poate schimba func\u021bia (flexie\/extensie) prin simpla mutare a bra\u021bului de ac\u021bionare.<\/h4>\n<h4><\/h4>\n","protected":false},"excerpt":{"rendered":"<h4>DIMENSIUNI STARE PASIV\u0102 : 120 X 110 X 196 CM<\/h4>\n<h4>DIMENSIUNE SETARE ACTIV\u0102: 160 X 110 X 196 CM<\/h4>\n<h4>SARCINA PE PL\u0102CI: 10 X 10 KG \/ 5 X 5 KG<\/h4>\n<h4>GREUTATE TOTAL\u0102: 280 KG<\/h4>\n<h4><\/h4>\n","protected":false},"featured_media":987,"template":"","meta":[],"lang":"ro","translations":{"ro":986,"en":1328},"pll_sync_post":[],"_links":{"self":[{"href":"https:\/\/mkb-system.ro\/index.php\/wp-json\/wp\/v2\/product\/986"}],"collection":[{"href":"https:\/\/mkb-system.ro\/index.php\/wp-json\/wp\/v2\/product"}],"about":[{"href":"https:\/\/mkb-system.ro\/index.php\/wp-json\/wp\/v2\/types\/product"}],"wp:featuredmedia":[{"embeddable":true,"href":"https:\/\/mkb-system.ro\/index.php\/wp-json\/wp\/v2\/media\/987"}],"wp:attachment":[{"href":"https:\/\/mkb-system.ro\/index.php\/wp-json\/wp\/v2\/media?parent=986"}],"curies":[{"name":"wp","href":"https:\/\/api.w.org\/{rel}","templated":true}]}}