{"id":991,"date":"2020-10-21T22:22:48","date_gmt":"2020-10-21T22:22:48","guid":{"rendered":"https:\/\/mkb-system.ro\/?post_type=product&#038;p=991"},"modified":"2020-12-09T10:35:25","modified_gmt":"2020-12-09T10:35:25","slug":"r6sl-masina-isokinetica-multifunctionala-pentru-picioare-miscare-complexa-glezna-genuchi-sold","status":"publish","type":"product","link":"https:\/\/mkb-system.ro\/index.php\/produs\/r6sl-masina-isokinetica-multifunctionala-pentru-picioare-miscare-complexa-glezna-genuchi-sold\/","title":{"rendered":"R6SL Ma\u015fin\u0103 isokinetic\u0103 multifunc\u0163ional\u0103 pentru picioare Mi\u015fcare complex\u0103 glezna-genunchi-\u015fold"},"content":{"rendered":"<h4 class=\"title\"><span class=\"lead\">GLEZNA,<\/span>\u00a0PICIORUL<\/h4>\n<h4>FLEXIA \/EXTENSIA \/EVERSIA\/ INVERSIA GLEZNEI, PICIORULUI<\/h4>\n<p><img loading=\"lazy\" class=\"alignnone size-medium wp-image-993\" src=\"https:\/\/mkb-system.ro\/wp-content\/uploads\/2020\/10\/Untitled-design-27-300x300.png\" alt=\"\" width=\"300\" height=\"300\" srcset=\"https:\/\/mkb-system.ro\/wp-content\/uploads\/2020\/10\/Untitled-design-27-300x300.png 300w, https:\/\/mkb-system.ro\/wp-content\/uploads\/2020\/10\/Untitled-design-27-150x150.png 150w, https:\/\/mkb-system.ro\/wp-content\/uploads\/2020\/10\/Untitled-design-27-100x100.png 100w, https:\/\/mkb-system.ro\/wp-content\/uploads\/2020\/10\/Untitled-design-27.png 500w\" sizes=\"(max-width: 300px) 100vw, 300px\" \/><\/p>\n<h4><strong>MU\u015eCHI PRINCIPALI:\u00a0<\/strong>PERONIER SCURT, PERONIER LUNG<\/h4>\n<h4><strong>MU\u015eCHI ACCESORI:\u00a0<\/strong>EXTENSOR LUNG AL DEGETELOR<\/h4>\n<table style=\"height: 436px;\" role=\"grid\" width=\"801\">\n<tbody id=\"j_id_p:productCardForm:productCardTabView:j_id_6r_data\" class=\"ui-datatable-data ui-widget-content\">\n<tr class=\"ui-widget-header\">\n<td class=\"ui-datatable-subtable-header\" colspan=\"3\">\n<h3>Proceduri:<\/h3>\n<\/td>\n<\/tr>\n<tr id=\"j_id_p:productCardForm:productCardTabView:j_id_6r:0:j_id_6s_row_0\" class=\"ui-widget-content\">\n<td class=\"product-card-tab-spec-item-name\">\n<h3><img loading=\"lazy\" class=\"alignnone size-full wp-image-994\" src=\"https:\/\/mkb-system.ro\/wp-content\/uploads\/2020\/10\/r6sl-procedura1-transparent.png\" alt=\"\" width=\"250\" height=\"209\" \/><\/h3>\n<\/td>\n<td class=\"product-card-tab-spec-item-val\">\n<h3><img loading=\"lazy\" class=\"alignnone size-medium wp-image-995\" src=\"https:\/\/mkb-system.ro\/wp-content\/uploads\/2020\/10\/r6sl-procedura2-transparent-1.png\" alt=\"\" width=\"250\" height=\"205\" \/><\/h3>\n<\/td>\n<td class=\"product-card-tab-spec-item-val\">\n<h3><img loading=\"lazy\" class=\"alignnone size-medium wp-image-996\" src=\"https:\/\/mkb-system.ro\/wp-content\/uploads\/2020\/10\/r6sl-procedura3-transparent.png\" alt=\"\" width=\"250\" height=\"205\" \/><\/h3>\n<\/td>\n<\/tr>\n<\/tbody>\n<\/table>\n<p>&nbsp;<\/p>\n<h4>Exerci\u021biile se pot face din pozi\u021bia culcat sau din \u0219ezut.<\/h4>\n<h4>Prin reglarea pl\u0103cu\u021bei, a accesoriilor, a limitatoarelor de mi\u0219care \u0219i a \u00een\u0103l\u021bimii sp\u0103tarului, se pot efectua o multitudine de exerci\u021bii func\u021bionale pentru membrele inferioare.<\/h4>\n<h4>Marea varietate a acestor exerci\u021bii pot fi abordate nu numai \u00een func\u021bie de sfera de aplicare, ci \u0219i \u00een func\u021bie de dificultatea de coordonare.<\/h4>\n<h4>Este o ma\u015fin\u0103 care are o gam\u0103 foarte larg\u0103 de exerci\u0163ii.<\/h4>\n","protected":false},"excerpt":{"rendered":"<h4>GREUTATE TOTAL\u0102: 520 KG<\/h4>\n<h4>DIMENSIUNI STARE PASIV\u0102:<br \/>\nL-270 X L-107 X H-196 CM<\/h4>\n<h4>DIMENSIUNE SETARE ACTIV\u0102:<br \/>\nL-314 X L-107 X H-196 CM<\/h4>\n<h4>SARCINA PE PL\u0102CI: 20 X 10 KG<\/h4>\n<h4><\/h4>\n","protected":false},"featured_media":992,"template":"","meta":[],"lang":"ro","translations":{"ro":991,"en":1327},"pll_sync_post":[],"_links":{"self":[{"href":"https:\/\/mkb-system.ro\/index.php\/wp-json\/wp\/v2\/product\/991"}],"collection":[{"href":"https:\/\/mkb-system.ro\/index.php\/wp-json\/wp\/v2\/product"}],"about":[{"href":"https:\/\/mkb-system.ro\/index.php\/wp-json\/wp\/v2\/types\/product"}],"wp:featuredmedia":[{"embeddable":true,"href":"https:\/\/mkb-system.ro\/index.php\/wp-json\/wp\/v2\/media\/992"}],"wp:attachment":[{"href":"https:\/\/mkb-system.ro\/index.php\/wp-json\/wp\/v2\/media?parent=991"}],"curies":[{"name":"wp","href":"https:\/\/api.w.org\/{rel}","templated":true}]}}