{"id":997,"date":"2020-10-21T22:27:22","date_gmt":"2020-10-21T22:27:22","guid":{"rendered":"https:\/\/mkb-system.ro\/?post_type=product&#038;p=997"},"modified":"2020-12-09T10:33:41","modified_gmt":"2020-12-09T10:33:41","slug":"r12e-scripete-dublu-dublu-pentru-membrele-superioare-si-inferioare","status":"publish","type":"product","link":"https:\/\/mkb-system.ro\/index.php\/produs\/r12e-scripete-dublu-dublu-pentru-membrele-superioare-si-inferioare\/","title":{"rendered":"R12E Scripete Dublu pentru membrele superioare \u015fi inferioare"},"content":{"rendered":"<h4 class=\"title\"><span class=\"lead\">UM\u0102R<\/span><\/h4>\n<table style=\"height: 436px;\" role=\"grid\" width=\"801\">\n<tbody id=\"j_id_p:productCardForm:productCardTabView:j_id_6r_data\" class=\"ui-datatable-data ui-widget-content\">\n<tr class=\"ui-widget-header\">\n<td class=\"ui-datatable-subtable-header\" colspan=\"3\">\n<h3>Proceduri:<\/h3>\n<\/td>\n<\/tr>\n<tr id=\"j_id_p:productCardForm:productCardTabView:j_id_6r:0:j_id_6s_row_0\" class=\"ui-widget-content\">\n<td class=\"product-card-tab-spec-item-name\">\n<h3><img loading=\"lazy\" class=\"alignnone size-full wp-image-998\" src=\"https:\/\/mkb-system.ro\/wp-content\/uploads\/2020\/10\/r12e-procedura1-transparent-2-204x300-1.png\" alt=\"\" width=\"204\" height=\"300\" \/><\/h3>\n<\/td>\n<td class=\"product-card-tab-spec-item-val\">\n<h3><img loading=\"lazy\" class=\"alignnone size-medium wp-image-999\" src=\"https:\/\/mkb-system.ro\/wp-content\/uploads\/2020\/10\/r12e-procedura2-transparent-208x300-1.png\" alt=\"\" width=\"208\" height=\"300\" \/><\/h3>\n<\/td>\n<td class=\"product-card-tab-spec-item-val\">\n<h3><img loading=\"lazy\" class=\"alignnone size-medium wp-image-1000\" src=\"https:\/\/mkb-system.ro\/wp-content\/uploads\/2020\/10\/r12e-procedura3-transparent-236x300.png\" alt=\"\" width=\"236\" height=\"300\" srcset=\"https:\/\/mkb-system.ro\/wp-content\/uploads\/2020\/10\/r12e-procedura3-transparent-236x300.png 236w, https:\/\/mkb-system.ro\/wp-content\/uploads\/2020\/10\/r12e-procedura3-transparent.png 338w\" sizes=\"(max-width: 236px) 100vw, 236px\" \/><\/h3>\n<\/td>\n<td class=\"product-card-tab-spec-item-val\">\n<h3><img loading=\"lazy\" class=\"alignnone size-medium wp-image-1001\" src=\"https:\/\/mkb-system.ro\/wp-content\/uploads\/2020\/10\/r12e-procedura4-transparent-262x300.png\" alt=\"\" width=\"262\" height=\"300\" srcset=\"https:\/\/mkb-system.ro\/wp-content\/uploads\/2020\/10\/r12e-procedura4-transparent-262x300.png 262w, https:\/\/mkb-system.ro\/wp-content\/uploads\/2020\/10\/r12e-procedura4-transparent.png 384w\" sizes=\"(max-width: 262px) 100vw, 262px\" \/><\/h3>\n<\/td>\n<\/tr>\n<tr id=\"j_id_p:productCardForm:productCardTabView:j_id_6r:0:j_id_6s_row_1\" class=\"ui-widget-content\">\n<td class=\"product-card-tab-spec-item-name\">\n<h3><\/h3>\n<\/td>\n<td class=\"product-card-tab-spec-item-val\">\n<h3><\/h3>\n<\/td>\n<td class=\"product-card-tab-spec-item-val\"><\/td>\n<\/tr>\n<\/tbody>\n<\/table>\n<p>&nbsp;<\/p>\n<h4>FLEXIA\/ EXTENSIA, ABDUC\u0162IA\/ ADDUC\u0162IA, ROTA\u0162IA EXTERN\u0102\/INTERN\u0102 RIDICAREA\/COBOR\u00c2REA, ABDUC\u0162IA \/ADDUC\u0162IA SCAPULEI SUPINA\u0162IA\/PRONA\u0162IA ANTEBRA\u0162ULUI<\/h4>\n<h4>FLEXIA COTULUI<\/h4>\n<h4>FLEXIA\/ EXTENSIA ABDUC\u0162IA\/ ADDUC\u0162IA PUMNULUI<\/h4>\n<h4><strong>MU\u015eCHI PRINCIPALI<\/strong>: DELTOID ANTERIOR, CORACOBRAHIAL, BICEPS BRAHIAL (CAPUL LUNG).<\/h4>\n<h4><strong>MU\u015eCHI ACCESORI<\/strong>: TRAPEZ SUPERIOR<\/h4>\n<h4>Diversitatea op\u021biunilor de exerci\u0163ii este at\u00e2t de mare \u00eenc\u00e2t o descriere detaliat\u0103 a tuturor acestora ar fi prea vast\u0103.<\/h4>\n<h4>Toate articula\u021biile mari ale corpului pot fi lucrate individual sau \u00een lan\u021b fiziologic func\u021bional cu aceast\u0103 ma\u015fin\u0103 isokinetic\u0103.<\/h4>\n<h4>Gama de pozi\u021bii de pornire include toate pozi\u021biile imaginabile, pozi\u021bia supin\u0103, pozi\u021bia predispus\u0103 (cu banc\u0103 suplimentar\u0103), pozi\u021bia lateral\u0103 etc.<\/h4>\n<h4><\/h4>\n","protected":false},"excerpt":{"rendered":"<h4>GREUTATE TOTAL\u0102: 100 KG<\/h4>\n<h4>DIMENSIUNI: 30 X 30 X 230 CM<\/h4>\n<p>&nbsp;<\/p>\n","protected":false},"featured_media":1002,"template":"","meta":[],"lang":"ro","translations":{"ro":997,"en":1325},"pll_sync_post":[],"_links":{"self":[{"href":"https:\/\/mkb-system.ro\/index.php\/wp-json\/wp\/v2\/product\/997"}],"collection":[{"href":"https:\/\/mkb-system.ro\/index.php\/wp-json\/wp\/v2\/product"}],"about":[{"href":"https:\/\/mkb-system.ro\/index.php\/wp-json\/wp\/v2\/types\/product"}],"wp:featuredmedia":[{"embeddable":true,"href":"https:\/\/mkb-system.ro\/index.php\/wp-json\/wp\/v2\/media\/1002"}],"wp:attachment":[{"href":"https:\/\/mkb-system.ro\/index.php\/wp-json\/wp\/v2\/media?parent=997"}],"curies":[{"name":"wp","href":"https:\/\/api.w.org\/{rel}","templated":true}]}}